{"id":103,"date":"2017-01-31T20:06:32","date_gmt":"2017-01-31T18:06:32","guid":{"rendered":"http:\/\/portal.taxexpert.md\/?page_id=103"},"modified":"2018-06-02T09:42:46","modified_gmt":"2018-06-02T06:42:46","slug":"contacte","status":"publish","type":"page","link":"https:\/\/taxexpert.md\/ru\/contacte\/","title":{"rendered":"\u041a\u043e\u043d\u0442\u0430\u043a\u0442\u044b"},"content":{"rendered":"<div id=\"tdi_1_563\" class=\"tdc-row stretch_row_1200 td-stretch-content\"><div class=\"vc_row tdi_2_2d6  wpb_row td-pb-row\" >\n<style scoped>\n\n\/* custom css *\/\n.tdi_2_2d6{\r\n                    min-height: 0;\r\n                }\n\/* inline tdc_css att *\/\n\n.tdi_2_2d6{\npadding-top:1px !important;\n}\n\n.tdi_2_2d6 .td_block_wrap{ text-align:left }\n\n<\/style><div class=\"vc_column tdi_4_c66  wpb_column vc_column_container tdc-column td-pb-span7\">\n<style scoped>\n\n\/* custom css *\/\n.tdi_4_c66{\r\n                    vertical-align: baseline;\r\n                }\n<\/style><div class=\"wpb_wrapper\"><div class=\"tdm_block td_block_wrap tdm_block_column_title tdi_5_635 tdm-content-horiz-left td-pb-border-top td-law-firm-section-title td_block_template_1\"  data-td-block-uid=\"tdi_5_635\" ><div class=\"td-block-row\"><div class=\"td-block-span12 tdm-col\">\n<style>\n.tdi_6_5ff .tdm-title{\r\n\t\t\t\t\tfont-weight:700 !important;\r\n\t\t\t\t}\n<\/style><div class=\"tds-title tds-title1 td-fix-index tdi_6_5ff\"><h1 class=\"tdm-title tdm-title-md\">CONTACTE<\/h1><\/div><\/div><\/div><\/div><\/div><\/div><div class=\"vc_column tdi_8_d38  wpb_column vc_column_container tdc-column td-pb-span5\">\n<style scoped>\n\n\/* custom css *\/\n.tdi_8_d38{\r\n                    vertical-align: baseline;\r\n                }\n\/* inline tdc_css att *\/\n\n\/* phone *\/\n@media (max-width: 767px)\n{\n.tdi_8_d38{\ndisplay:none !important;\n}\n}\n\n<\/style><div class=\"wpb_wrapper\"><\/div><\/div><\/div><\/div><div id=\"tdi_9_36d\" class=\"tdc-row stretch_row_1200 td-stretch-content\"><div class=\"vc_row tdi_10_655  wpb_row td-pb-row\" >\n<style scoped>\n\n\/* custom css *\/\n.tdi_10_655{\r\n                    min-height: 0;\r\n                }\n\/* inline tdc_css att *\/\n\n.tdi_10_655{\npadding-bottom:52px !important;\n}\n\n.tdi_10_655 .td_block_wrap{ text-align:left }\n\n\/* portrait *\/\n@media (min-width: 768px) and (max-width: 1018px)\n{\n.tdi_10_655{\npadding-bottom:32px !important;\n}\n}\n\n\/* phone *\/\n@media (max-width: 767px)\n{\n.tdi_10_655{\npadding-bottom:32px !important;\n}\n}\n\n<\/style><div class=\"vc_column tdi_12_633  wpb_column vc_column_container tdc-column td-pb-span7\">\n<style scoped>\n\n\/* custom css *\/\n.tdi_12_633{\r\n                    vertical-align: baseline;\r\n                }\n<\/style><div class=\"wpb_wrapper\"><div class=\"tdm_block td_block_wrap tdm_block_inline_text tdi_13_f6e tdm-content-horiz-left td-pb-border-top td_block_template_1\"  data-td-block-uid=\"tdi_13_f6e\" >\n<style>\n\n\/* inline tdc_css att *\/\n\n\/* phone *\/\n@media (max-width: 767px)\n{\n.tdi_13_f6e{\nmargin-bottom:20px !important;\n}\n}\n\n<\/style><p class=\"tdm-descr\"><ul>Cu orice a\u021bi vrea s\u0103 v\u0103 \u00eemp\u0103rt\u0103\u0219i\u021bi cu noi, suntem \u00eentotdeauna preg\u0103ti\u021bi s\u0103 ascult\u0103m. Sistemul nostru de e-mail va transmite mesajele direct c\u0103tre noi \u0219i vom avea grij\u0103 s\u0103 v\u0103 r\u0103spundem c\u00e2t mai cur\u00e2nd posibil. Pentru a primi un r\u0103spuns, va trebui s\u0103 ne furniza\u021bi adresa de e-mail, desigur.\n<br \/>\n<br \/>\nV\u0103 respect\u0103m confiden\u021bialitatea, iar toate informa\u021biile dvs. vor fi protejate \u0219i folosite pentru a contacta numai \u00eentre noi.\n<br \/>\n<br \/>\nApreciem \u00een mod deosebit un feedback onest, sugestii de con\u021binut \u0219i discu\u021bii utile. De obicei, mesajele PR \u0219i de tip copy-paste sunt ignorate, astfel \u00eenc\u00e2t trimiterea e-mail-urilor de tip spam nu este o idee bun\u0103.<\/ul><\/p><\/div><div class=\"wpb_wrapper wpb_text_column td_block_wrap td_block_wrap vc_column_text tdi_14_967  tagdiv-type td-pb-border-top td_block_template_1\"  data-td-block-uid=\"tdi_14_967\" ><div class=\"td-block-title-wrap\"><\/div><div class=\"td-fix-index\"><div class=\"wpforms-container wpforms-container-full\" id=\"wpforms-3975\"><form id=\"wpforms-form-3975\" class=\"wpforms-validate wpforms-form\" data-formid=\"3975\" method=\"post\" enctype=\"multipart\/form-data\" action=\"\/ru\/wp-json\/wp\/v2\/pages\/103\" data-token=\"4a30799a82208d90a7cb6ffe0cafb972\"><noscript class=\"wpforms-error-noscript\">\u041f\u043e\u0436\u0430\u043b\u0443\u0439\u0441\u0442\u0430, \u0432\u043a\u043b\u044e\u0447\u0438\u0442\u0435 JavaScript \u0432 \u0432\u0430\u0448\u0435\u043c \u0431\u0440\u0430\u0443\u0437\u0435\u0440\u0435 \u0434\u043b\u044f \u0437\u0430\u043f\u043e\u043b\u043d\u0435\u043d\u0438\u044f \u0434\u0430\u043d\u043d\u043e\u0439 \u0444\u043e\u0440\u043c\u044b.<\/noscript><div class=\"wpforms-field-container\"><div id=\"wpforms-3975-field_0-container\" class=\"wpforms-field wpforms-field-name\" data-field-id=\"0\"><label class=\"wpforms-field-label\" for=\"wpforms-3975-field_0\">Nume <span class=\"wpforms-required-label\">*<\/span><\/label><input type=\"text\" id=\"wpforms-3975-field_0\" class=\"wpforms-field-medium wpforms-field-required\" name=\"wpforms[fields][0]\" required><\/div><div id=\"wpforms-3975-field_1-container\" class=\"wpforms-field wpforms-field-email\" data-field-id=\"1\"><label class=\"wpforms-field-label\" for=\"wpforms-3975-field_1\">Email <span class=\"wpforms-required-label\">*<\/span><\/label><input type=\"email\" id=\"wpforms-3975-field_1\" class=\"wpforms-field-medium wpforms-field-required\" name=\"wpforms[fields][1]\" required><\/div><div id=\"wpforms-3975-field_3-container\" class=\"wpforms-field wpforms-field-number\" data-field-id=\"3\"><label class=\"wpforms-field-label\" for=\"wpforms-3975-field_3\">Telefon<\/label><input type=\"number\" pattern=\"\\d*\" id=\"wpforms-3975-field_3\" class=\"wpforms-field-medium\" name=\"wpforms[fields][3]\" ><\/div><div id=\"wpforms-3975-field_2-container\" class=\"wpforms-field wpforms-field-textarea\" data-field-id=\"2\"><label class=\"wpforms-field-label\" for=\"wpforms-3975-field_2\">Comentariu sau mesaj <span class=\"wpforms-required-label\">*<\/span><\/label><textarea id=\"wpforms-3975-field_2\" class=\"wpforms-field-medium wpforms-field-required\" name=\"wpforms[fields][2]\" required><\/textarea><\/div><\/div><div class=\"wpforms-field wpforms-field-hp\"><label for=\"wpforms-3975-field-hp\" class=\"wpforms-field-label\">Phone<\/label><input type=\"text\" name=\"wpforms[hp]\" id=\"wpforms-3975-field-hp\" class=\"wpforms-field-medium\"><\/div><div class=\"wpforms-submit-container\" ><input type=\"hidden\" name=\"wpforms[id]\" value=\"3975\"><input type=\"hidden\" name=\"wpforms[author]\" value=\"2\"><button type=\"submit\" name=\"wpforms[submit]\" class=\"wpforms-submit \" id=\"wpforms-submit-3975\" value=\"wpforms-submit\" aria-live=\"assertive\" data-alt-text=\"Se trimite...\" data-submit-text=\"Trimite\">Trimite<\/button><\/div><\/form><\/div>  <!-- .wpforms-container -->\n<\/div><\/div><\/div><\/div><div class=\"vc_column tdi_16_331  wpb_column vc_column_container tdc-column td-pb-span5\">\n<style scoped>\n\n\/* custom css *\/\n.tdi_16_331{\r\n                    vertical-align: baseline;\r\n                }\n<\/style><div class=\"wpb_wrapper\"><div class=\"tdm_block td_block_wrap tdm_block_socials tdi_17_836 tdm-content-horiz-left td-pb-border-top td_block_template_1\"  data-td-block-uid=\"tdi_17_836\" >\n<style>\n\n\/* inline tdc_css att *\/\n\n.tdi_17_836{\nmargin-bottom:0px !important;\n}\n\n<\/style>\n<style>\n.tdi_18_f62 .tdm-social-item i{\r\n\t\t\t\t\tfont-size: 16px;\r\n\t\t\t\t\tvertical-align: middle;\r\n\t\t\t\t}.tdi_18_f62 .tdm-social-item i.td-icon-twitter,\r\n\t\t\t\t.tdi_18_f62 .tdm-social-item i.td-icon-linkedin,\r\n\t\t\t\t.tdi_18_f62 .tdm-social-item i.td-icon-pinterest,\r\n\t\t\t\t.tdi_18_f62 .tdm-social-item i.td-icon-blogger,\r\n\t\t\t\t.tdi_18_f62 .tdm-social-item i.td-icon-vimeo{\r\n\t\t\t\t\tfont-size: 12.8px;\r\n\t\t\t\t}.tdi_18_f62 .tdm-social-item{\r\n\t\t\t\t\twidth: 44.8px;\r\n\t\t\t\t\theight: 44.8px;\r\n\t\t\t\t\tline-height: 44.8px;\r\n\t\t\t\t\r\n\t\t\t\t    margin: 5px 10px 5px 0;\r\n\t\t\t\t}.tdi_18_f62 .tdm-social-item-wrap:last-child .tdm-social-item{\r\n\t\t\t\t    margin-right: 0 !important;\r\n\t\t\t\t}.tdi_18_f62 .tdm-social-text{\r\n\t\t\t\t\tmargin-left: 2px;\r\n\t\t\t\t\r\n\t\t\t\t\tmargin-right: 18px;\r\n\t\t\t\t\r\n\t\t\t\t\tdisplay: none;\r\n\t\t\t\t}\n<\/style><div class=\"tdm-social-wrapper tds-social3 tdi_18_f62\"><div class=\"tdm-social-item-wrap\"><a href=\"https:\/\/www.facebook.com\/taxexpert.md\/\" class=\"tdm-social-item\"><i class=\"td-icon-font td-icon-facebook\"><\/i><\/a><a href=\"https:\/\/www.facebook.com\/taxexpert.md\/\" class=\"tdm-social-text\">Facebook<\/a><\/div><div class=\"tdm-social-item-wrap\"><a href=\"https:\/\/www.instagram.com\/taxexpert1\/\" class=\"tdm-social-item\"><i class=\"td-icon-font td-icon-instagram\"><\/i><\/a><a href=\"https:\/\/www.instagram.com\/taxexpert1\/\" class=\"tdm-social-text\">Instagram<\/a><\/div><div class=\"tdm-social-item-wrap\"><a href=\"https:\/\/feedburner.google.com\/fb\/a\/mailverify?uri=taxexpert1\" class=\"tdm-social-item\"><i class=\"td-icon-font td-icon-rss\"><\/i><\/a><a href=\"https:\/\/feedburner.google.com\/fb\/a\/mailverify?uri=taxexpert1\" class=\"tdm-social-text\">RSS<\/a><\/div><div class=\"tdm-social-item-wrap\"><a href=\"https:\/\/twitter.com\/taxexpert_\" class=\"tdm-social-item\"><i class=\"td-icon-font td-icon-twitter\"><\/i><\/a><a href=\"https:\/\/twitter.com\/taxexpert_\" class=\"tdm-social-text\">Twitter<\/a><\/div><\/div><\/div><\/div><\/div><\/div><\/div><div id=\"tdi_19_3df\" class=\"tdc-row stretch_row_1200 td-stretch-content\"><div class=\"vc_row tdi_20_2d6  wpb_row td-pb-row tdc-element-style\" >\n<style scoped>\n\n\/* custom css *\/\n.tdi_20_2d6{\r\n                    min-height: 0;\r\n                }\n\/* inline tdc_css att *\/\n\n.tdi_20_2d6{\npadding-top:60px !important;\npadding-bottom:53px !important;\nposition:relative;\n}\n\n.tdi_20_2d6 .td_block_wrap{ text-align:left }\n\n\/* portrait *\/\n@media (min-width: 768px) and (max-width: 1018px)\n{\n.tdi_20_2d6{\npadding-top:40px !important;\npadding-bottom:33px !important;\n}\n}\n\n\/* phone *\/\n@media (max-width: 767px)\n{\n.tdi_20_2d6{\npadding-top:38px !important;\npadding-bottom:43px !important;\n}\n}\n\n<\/style>\n<div class=\"tdi_19_3df_rand_style td-element-style\" ><style>\n.tdi_19_3df_rand_style{\nbackground-color:#fcfaf4 !important;\n}\n <\/style><\/div><div class=\"vc_column tdi_22_bee  wpb_column vc_column_container tdc-column td-pb-span3\">\n<style scoped>\n\n\/* custom css *\/\n.tdi_22_bee{\r\n                    vertical-align: baseline;\r\n                }\n<\/style><div class=\"wpb_wrapper\"><div class=\"tdm_block td_block_wrap tdm_block_icon_box tdi_23_3de tdm-content-horiz-center tds_icon_box1_wrap td-pb-border-top td_block_template_1\"  data-td-block-uid=\"tdi_23_3de\" >\n<style>\n\n\/* inline tdc_css att *\/\n\n.tdi_23_3de{\nmargin-bottom:0px !important;\n}\n\n\/* phone *\/\n@media (max-width: 767px)\n{\n.tdi_23_3de{\nmargin-bottom:34px !important;\n}\n}\n\n<\/style>\n<style>\n.tdi_24_3ce .tds-title{\r\n\t\t\t\t    margin-top: 4px;\r\n\t\t\t\t\r\n\t\t\t\t    margin-bottom: 3px;\r\n\t\t\t\t}.tdi_24_3ce .tdm-descr{\r\n\t\t\t\t    margin-bottom: 0px;\t\t\t\t  \r\n\t\t\t\t}\n<\/style><div class=\"tds-icon-box tds-icon-box1 td-fix-index tdi_24_3ce\">\n<style>\n.tdi_25_35c{\r\n\t\t\t\t    -webkit-transition: all 0.2s ease;\r\n                    -moz-transition: all 0.2s ease;\r\n                    -o-transition: all 0.2s ease;\r\n                    transition: all 0.2s ease;\r\n\t\t\t\t}.tdi_25_35c:before{\r\n\t\t\t\t    -webkit-transition: all 0.2s ease;\r\n                    -moz-transition: all 0.2s ease;\r\n                    -o-transition: all 0.2s ease;\r\n                    transition: all 0.2s ease;\r\n\t\t\t\t\r\n\t\t\t\t\tcolor: #d3983a;\r\n\t\t\t\t}.tdi_25_35c svg{\r\n\t\t\t\t    fill: #d3983a;\r\n\t\t\t\t}.tdi_25_35c svg *{\r\n\t\t\t\t    fill: inherit;\r\n\t\t\t\t}\n\n\/* landscape *\/\n@media (min-width: 1019px) and (max-width: 1140px){\n\n}\n\n\/* portrait *\/\n@media (min-width: 768px) and (max-width: 1018px){\n\n}\n\n\/* phone *\/\n@media (max-width: 767px){\n\n}\n<\/style><i class=\"tds-icon tdc-font-fa tdc-font-fa-map-marker tdi_25_35c td-fix-index\"><\/i>\n<style>\n\n<\/style><div class=\"tds-title tds-title1 td-fix-index tdi_26_c33\"><h3 class=\"tdm-title tdm-title-sm\">Adres\u0103<\/h3><\/div><p class=\"tdm-descr td-fix-index\">mun. Chi\u015fin\u0103u, bd. Grigore Vieru, 9<\/p><\/div><style>.tdi_23_3de .tds-icon-box .tds-icon{\r\n\t\t\t\t    font-size: 50px;\r\n\t\t\t\t    text-align: center;\r\n\t\t\t\t\r\n\t\t\t\t    width: 50px;\r\n\t\t\t\t    height: 50px;\r\n\t\t\t\t    line-height: 50px;\r\n\t\t\t\t}.tdi_23_3de .tds-icon-svg-wrap{\r\n\t\t\t\t    margin: 0 auto;\r\n\t\t\t\t}<\/style><\/div><\/div><\/div><div class=\"vc_column tdi_28_ded  wpb_column vc_column_container tdc-column td-pb-span3\">\n<style scoped>\n\n\/* custom css *\/\n.tdi_28_ded{\r\n                    vertical-align: baseline;\r\n                }\n<\/style><div class=\"wpb_wrapper\"><div class=\"tdm_block td_block_wrap tdm_block_icon_box tdi_29_355 tdm-content-horiz-center tds_icon_box1_wrap td-pb-border-top td_block_template_1\"  data-td-block-uid=\"tdi_29_355\" >\n<style>\n\n\/* inline tdc_css att *\/\n\n.tdi_29_355{\nmargin-bottom:0px !important;\n}\n\n\/* phone *\/\n@media (max-width: 767px)\n{\n.tdi_29_355{\nmargin-bottom:34px !important;\n}\n}\n\n<\/style>\n<style>\n.tdi_30_f90 .tds-title{\r\n\t\t\t\t    margin-top: 4px;\r\n\t\t\t\t\r\n\t\t\t\t    margin-bottom: 3px;\r\n\t\t\t\t}.tdi_30_f90 .tdm-descr{\r\n\t\t\t\t    margin-bottom: 0px;\t\t\t\t  \r\n\t\t\t\t}\n<\/style><div class=\"tds-icon-box tds-icon-box1 td-fix-index tdi_30_f90\">\n<style>\n.tdi_31_e5c{\r\n\t\t\t\t    -webkit-transition: all 0.2s ease;\r\n                    -moz-transition: all 0.2s ease;\r\n                    -o-transition: all 0.2s ease;\r\n                    transition: all 0.2s ease;\r\n\t\t\t\t}.tdi_31_e5c:before{\r\n\t\t\t\t    -webkit-transition: all 0.2s ease;\r\n                    -moz-transition: all 0.2s ease;\r\n                    -o-transition: all 0.2s ease;\r\n                    transition: all 0.2s ease;\r\n\t\t\t\t\r\n\t\t\t\t\tcolor: #d3983a;\r\n\t\t\t\t}.tdi_31_e5c svg{\r\n\t\t\t\t    fill: #d3983a;\r\n\t\t\t\t}.tdi_31_e5c svg *{\r\n\t\t\t\t    fill: inherit;\r\n\t\t\t\t}\n\n\/* landscape *\/\n@media (min-width: 1019px) and (max-width: 1140px){\n\n}\n\n\/* portrait *\/\n@media (min-width: 768px) and (max-width: 1018px){\n\n}\n\n\/* phone *\/\n@media (max-width: 767px){\n\n}\n<\/style><i class=\"tds-icon tdc-font-fa tdc-font-fa-clock-o tdi_31_e5c td-fix-index\"><\/i>\n<style>\n\n<\/style><div class=\"tds-title tds-title1 td-fix-index tdi_32_03e\"><h3 class=\"tdm-title tdm-title-sm\">Orele de lucru<\/h3><\/div><p class=\"tdm-descr td-fix-index\">Luni - Vineri<br>\n9:00 - 17:00<\/p><\/div><style>.tdi_29_355 .tds-icon-box .tds-icon{\r\n\t\t\t\t    font-size: 50px;\r\n\t\t\t\t    text-align: center;\r\n\t\t\t\t\r\n\t\t\t\t    width: 50px;\r\n\t\t\t\t    height: 50px;\r\n\t\t\t\t    line-height: 50px;\r\n\t\t\t\t}.tdi_29_355 .tds-icon-svg-wrap{\r\n\t\t\t\t    margin: 0 auto;\r\n\t\t\t\t}<\/style><\/div><\/div><\/div><div class=\"vc_column tdi_34_3e6  wpb_column vc_column_container tdc-column td-pb-span3\">\n<style scoped>\n\n\/* custom css *\/\n.tdi_34_3e6{\r\n                    vertical-align: baseline;\r\n                }\n<\/style><div class=\"wpb_wrapper\"><div class=\"tdm_block td_block_wrap tdm_block_icon_box tdi_35_e76 tdm-content-horiz-center tds_icon_box1_wrap td-pb-border-top td_block_template_1\"  data-td-block-uid=\"tdi_35_e76\" >\n<style>\n\n\/* inline tdc_css att *\/\n\n.tdi_35_e76{\nmargin-bottom:0px !important;\n}\n\n\/* phone *\/\n@media (max-width: 767px)\n{\n.tdi_35_e76{\nmargin-bottom:34px !important;\n}\n}\n\n<\/style>\n<style>\n.tdi_36_e63 .tds-title{\r\n\t\t\t\t    margin-top: 4px;\r\n\t\t\t\t\r\n\t\t\t\t    margin-bottom: 3px;\r\n\t\t\t\t}.tdi_36_e63 .tdm-descr{\r\n\t\t\t\t    margin-bottom: 0px;\t\t\t\t  \r\n\t\t\t\t}\n<\/style><div class=\"tds-icon-box tds-icon-box1 td-fix-index tdi_36_e63\">\n<style>\n.tdi_37_599{\r\n\t\t\t\t    -webkit-transition: all 0.2s ease;\r\n                    -moz-transition: all 0.2s ease;\r\n                    -o-transition: all 0.2s ease;\r\n                    transition: all 0.2s ease;\r\n\t\t\t\t}.tdi_37_599:before{\r\n\t\t\t\t    -webkit-transition: all 0.2s ease;\r\n                    -moz-transition: all 0.2s ease;\r\n                    -o-transition: all 0.2s ease;\r\n                    transition: all 0.2s ease;\r\n\t\t\t\t\r\n\t\t\t\t\tcolor: #d3983a;\r\n\t\t\t\t}.tdi_37_599 svg{\r\n\t\t\t\t    fill: #d3983a;\r\n\t\t\t\t}.tdi_37_599 svg *{\r\n\t\t\t\t    fill: inherit;\r\n\t\t\t\t}\n\n\/* landscape *\/\n@media (min-width: 1019px) and (max-width: 1140px){\n\n}\n\n\/* portrait *\/\n@media (min-width: 768px) and (max-width: 1018px){\n\n}\n\n\/* phone *\/\n@media (max-width: 767px){\n\n}\n<\/style><i class=\"tds-icon tdc-font-fa tdc-font-fa-mobile-phone tdi_37_599 td-fix-index\"><\/i>\n<style>\n\n<\/style><div class=\"tds-title tds-title1 td-fix-index tdi_38_f66\"><h3 class=\"tdm-title tdm-title-sm\">Telefon<\/h3><\/div><p class=\"tdm-descr td-fix-index\">+373 60 08 38 60<br>\n+373 60 86 85 85<\/p><\/div><style>.tdi_35_e76 .tds-icon-box .tds-icon{\r\n\t\t\t\t    font-size: 50px;\r\n\t\t\t\t    text-align: center;\r\n\t\t\t\t\r\n\t\t\t\t    width: 50px;\r\n\t\t\t\t    height: 50px;\r\n\t\t\t\t    line-height: 50px;\r\n\t\t\t\t}.tdi_35_e76 .tds-icon-svg-wrap{\r\n\t\t\t\t    margin: 0 auto;\r\n\t\t\t\t}<\/style><\/div><\/div><\/div><div class=\"vc_column tdi_40_5e5  wpb_column vc_column_container tdc-column td-pb-span3\">\n<style scoped>\n\n\/* custom css *\/\n.tdi_40_5e5{\r\n                    vertical-align: baseline;\r\n                }\n<\/style><div class=\"wpb_wrapper\"><div class=\"tdm_block td_block_wrap tdm_block_icon_box tdi_41_373 tdm-content-horiz-center tds_icon_box1_wrap td-pb-border-top td_block_template_1\"  data-td-block-uid=\"tdi_41_373\" >\n<style>\n\n\/* inline tdc_css att *\/\n\n.tdi_41_373{\nmargin-bottom:0px !important;\n}\n\n<\/style>\n<style>\n.tdi_42_d4d .tds-title{\r\n\t\t\t\t    margin-top: 4px;\r\n\t\t\t\t\r\n\t\t\t\t    margin-bottom: 3px;\r\n\t\t\t\t}.tdi_42_d4d .tdm-descr{\r\n\t\t\t\t    margin-bottom: 0px;\t\t\t\t  \r\n\t\t\t\t}\n<\/style><div class=\"tds-icon-box tds-icon-box1 td-fix-index tdi_42_d4d\">\n<style>\n.tdi_43_bfd{\r\n\t\t\t\t    -webkit-transition: all 0.2s ease;\r\n                    -moz-transition: all 0.2s ease;\r\n                    -o-transition: all 0.2s ease;\r\n                    transition: all 0.2s ease;\r\n\t\t\t\t}.tdi_43_bfd:before{\r\n\t\t\t\t    -webkit-transition: all 0.2s ease;\r\n                    -moz-transition: all 0.2s ease;\r\n                    -o-transition: all 0.2s ease;\r\n                    transition: all 0.2s ease;\r\n\t\t\t\t\r\n\t\t\t\t\tcolor: #d3983a;\r\n\t\t\t\t}.tdi_43_bfd svg{\r\n\t\t\t\t    fill: #d3983a;\r\n\t\t\t\t}.tdi_43_bfd svg *{\r\n\t\t\t\t    fill: inherit;\r\n\t\t\t\t}\n\n\/* landscape *\/\n@media (min-width: 1019px) and (max-width: 1140px){\n\n}\n\n\/* portrait *\/\n@media (min-width: 768px) and (max-width: 1018px){\n\n}\n\n\/* phone *\/\n@media (max-width: 767px){\n\n}\n<\/style><i class=\"tds-icon tdc-font-fa tdc-font-fa-envelope-o tdi_43_bfd td-fix-index\"><\/i>\n<style>\n\n<\/style><div class=\"tds-title tds-title1 td-fix-index tdi_44_a5d\"><h3 class=\"tdm-title tdm-title-sm\">Email<\/h3><\/div><p class=\"tdm-descr td-fix-index\">contact@taxexpert.md<\/p><\/div><style>.tdi_41_373 .tds-icon-box .tds-icon{\r\n\t\t\t\t    font-size: 50px;\r\n\t\t\t\t    text-align: center;\r\n\t\t\t\t\r\n\t\t\t\t    width: 50px;\r\n\t\t\t\t    height: 50px;\r\n\t\t\t\t    line-height: 50px;\r\n\t\t\t\t}.tdi_41_373 .tds-icon-svg-wrap{\r\n\t\t\t\t    margin: 0 auto;\r\n\t\t\t\t}<\/style><\/div><\/div><\/div><\/div><\/div><div id=\"tdi_45_f3e\" class=\"tdc-row stretch_row_content td-stretch-content\"><div class=\"vc_row tdi_46_e57  wpb_row td-pb-row\" >\n<style scoped>\n\n\/* custom css *\/\n.tdi_46_e57{\r\n                    min-height: 0;\r\n                }\n<\/style><div class=\"vc_column tdi_48_6d7  wpb_column vc_column_container tdc-column td-pb-span12\">\n<style scoped>\n\n\/* custom css *\/\n.tdi_48_6d7{\r\n                    vertical-align: baseline;\r\n                }\n<\/style><div class=\"wpb_wrapper\"><div class=\"wpb_wrapper td_block_wrap vc_raw_html tdi_50_853 \">\n<style scoped>\n\n\/* inline tdc_css att *\/\n\n.tdi_50_853{\nmargin-bottom:0px !important;\n}\n\n<\/style><div class=\"td-fix-index\"><div class=\"mapouter\"><div class=\"gmap_canvas\"><iframe loading=\"lazy\" width=\"100%\" height=\"500\" id=\"gmap_canvas\" src=\"https:\/\/maps.google.com\/maps?q=mun. Chi\u0219in\u0103u, bd. Grigore Vieru, 9&t=&z=13&ie=UTF8&iwloc=&output=embed\" frameborder=\"0\" scrolling=\"no\" marginheight=\"0\" marginwidth=\"0\"><\/iframe>google maps karte einbinden <a href=\"http:\/\/www.pureblack.de\/google-maps\/\">pureblack.de<\/a><\/div><style>.mapouter{overflow:hidden;height:500px;width:100%;}.gmap_canvas {background:none!important;height:500px;width:100%;}<\/style><\/div><\/div><\/div><\/div><\/div><\/div><\/div>","protected":false},"excerpt":{"rendered":"","protected":false},"author":2,"featured_media":0,"parent":0,"menu_order":0,"comment_status":"closed","ping_status":"closed","template":"","meta":{"footnotes":""},"_links":{"self":[{"href":"https:\/\/taxexpert.md\/ru\/wp-json\/wp\/v2\/pages\/103"}],"collection":[{"href":"https:\/\/taxexpert.md\/ru\/wp-json\/wp\/v2\/pages"}],"about":[{"href":"https:\/\/taxexpert.md\/ru\/wp-json\/wp\/v2\/types\/page"}],"author":[{"embeddable":true,"href":"https:\/\/taxexpert.md\/ru\/wp-json\/wp\/v2\/users\/2"}],"replies":[{"embeddable":true,"href":"https:\/\/taxexpert.md\/ru\/wp-json\/wp\/v2\/comments?post=103"}],"version-history":[{"count":31,"href":"https:\/\/taxexpert.md\/ru\/wp-json\/wp\/v2\/pages\/103\/revisions"}],"predecessor-version":[{"id":3977,"href":"https:\/\/taxexpert.md\/ru\/wp-json\/wp\/v2\/pages\/103\/revisions\/3977"}],"wp:attachment":[{"href":"https:\/\/taxexpert.md\/ru\/wp-json\/wp\/v2\/media?parent=103"}],"curies":[{"name":"wp","href":"https:\/\/api.w.org\/{rel}","templated":true}]}}