{"id":1338,"date":"2017-03-10T11:32:07","date_gmt":"2017-03-10T09:32:07","guid":{"rendered":"http:\/\/portal.taxexpert.md\/?page_id=1338"},"modified":"2017-03-13T21:39:46","modified_gmt":"2017-03-13T19:39:46","slug":"monitorul-oficial-nr-73-77-din-10-03-2017","status":"publish","type":"page","link":"https:\/\/taxexpert.md\/ru\/monitorul-oficial-nr-73-77-din-10-03-2017\/","title":{"rendered":"Monitorul Oficial nr. 73-77 din 10.03.2017"},"content":{"rendered":"<p><strong>Decretul Pre\u0219edintelui Republicii Moldova cu privire la constituirea Consiliului Economic pe l\u00e2ng\u0103 Pre\u0219edintele Republicii Moldova  (nr. 66-VIII, 3 martie 2017)<\/strong><\/p>\n<p>Se constituie Consiliul Economic pe l\u00e2ng\u0103 Pre\u0219edintele Republicii Moldova.<\/p>\n<p>Se aprob\u0103 Regulamentul Consiliului Economic pe l\u00e2ng\u0103 Pre\u0219edintele Republicii Moldova \u0219i Componen\u021ba nominal\u0103 a Consiliului Economic pe l\u00e2ng\u0103 Pre\u0219edintele Republicii Moldova.<\/p>\n<p>Consiliul Economic este un organ consultativ creat pe l\u00e2ng\u0103 Pre\u0219edintele Republicii Moldova \u00een scopul analiz\u0103rii situa\u021biei economice, depist\u0103rii problemelor-cheie \u0219i preg\u0103tirii unor propuneri pentru perfec\u021bionarea politicii economice \u0219i a instrumentelor de implementare a ei \u00een vederea asigur\u0103rii sustenabilit\u0103\u021bii \u0219i moderniz\u0103rii economiei Republicii Moldova.<\/p>\n<p>Activitatea Consiliului se bazeaz\u0103 pe parteneriatul dintre Pre\u0219edintele Republicii Moldova, comunitatea de exper\u021bi \u0219i de afaceri, organiza\u021biile neguvernamentale, autorit\u0103\u021bile administra\u021biei publice centrale \u0219i locale \u0219i este orientat\u0103 spre depistarea problemelor dezvolt\u0103rii economice, elaborarea unor solu\u021bii, stabilirea priorit\u0103\u021bilor strategice \u0219i a c\u0103ilor de realizare a acestora.<\/p>\n<p>Prezentul decret intr\u0103 \u00een vigoare la data semn\u0103rii.<\/p>\n<p><strong>\u041dot\u0103r\u00e2re cu privire la aprobarea modific\u0103rilor ce se opereaz\u0103 \u00een anexele nr. 1 \u015fi nr. 2 la Hot\u0103r\u00e2rea Guvernului nr. 246 din 8 aprilie 2010 (nr. 131, 7 martie 2017)<\/strong><\/p>\n<p>Prin Hot\u0103r\u00e2rea respectiv\u0103 au fost operate modific\u0103ri \u00een anexele nr. 1 \u015fi nr. 2 la <a href=\"http:\/\/lex.justice.md\/md\/334259\/\">Hot\u0103r\u00e2rea Guvernului nr. 246 din 8 aprilie 2010 \u201eCu privire la modul de aplicare a cotei zero a TVA la livr\u0103rile de m\u0103rfuri, servicii efectuate pe teritoriul \u021b\u0103rii \u0219i de acordare a facilit\u0103\u021bilor fiscale \u0219i vamale pentru proiectele de asisten\u021b\u0103 tehnic\u0103 \u0219i investi\u021bional\u0103 \u00een derulare, care cad sub inciden\u021ba tratatelor interna\u021bionale la care Republica Moldova este parte\u201d<\/a><\/p>\n<p>Modific\u0103rile intr\u0103 \u00een vigoare la data public\u0103rii. <\/p>\n","protected":false},"excerpt":{"rendered":"<p>Decretul Pre\u0219edintelui Republicii Moldova cu privire la constituirea Consiliului Economic pe l\u00e2ng\u0103 Pre\u0219edintele Republicii Moldova (nr. 66-VIII, 3 martie 2017) Se constituie Consiliul Economic pe l\u00e2ng\u0103 Pre\u0219edintele Republicii Moldova. Se aprob\u0103 Regulamentul Consiliului Economic pe l\u00e2ng\u0103 Pre\u0219edintele Republicii Moldova \u0219i Componen\u021ba nominal\u0103 a Consiliului Economic pe l\u00e2ng\u0103 Pre\u0219edintele Republicii Moldova. Consiliul Economic este un organ [&hellip;]<\/p>\n","protected":false},"author":2,"featured_media":793,"parent":0,"menu_order":0,"comment_status":"closed","ping_status":"closed","template":"","meta":{"footnotes":""},"_links":{"self":[{"href":"https:\/\/taxexpert.md\/ru\/wp-json\/wp\/v2\/pages\/1338"}],"collection":[{"href":"https:\/\/taxexpert.md\/ru\/wp-json\/wp\/v2\/pages"}],"about":[{"href":"https:\/\/taxexpert.md\/ru\/wp-json\/wp\/v2\/types\/page"}],"author":[{"embeddable":true,"href":"https:\/\/taxexpert.md\/ru\/wp-json\/wp\/v2\/users\/2"}],"replies":[{"embeddable":true,"href":"https:\/\/taxexpert.md\/ru\/wp-json\/wp\/v2\/comments?post=1338"}],"version-history":[{"count":7,"href":"https:\/\/taxexpert.md\/ru\/wp-json\/wp\/v2\/pages\/1338\/revisions"}],"predecessor-version":[{"id":1417,"href":"https:\/\/taxexpert.md\/ru\/wp-json\/wp\/v2\/pages\/1338\/revisions\/1417"}],"wp:featuredmedia":[{"embeddable":true,"href":"https:\/\/taxexpert.md\/ru\/wp-json\/wp\/v2\/media\/793"}],"wp:attachment":[{"href":"https:\/\/taxexpert.md\/ru\/wp-json\/wp\/v2\/media?parent=1338"}],"curies":[{"name":"wp","href":"https:\/\/api.w.org\/{rel}","templated":true}]}}