{"id":1491,"date":"2017-03-17T23:37:16","date_gmt":"2017-03-17T21:37:16","guid":{"rendered":"http:\/\/portal.taxexpert.md\/?page_id=1491"},"modified":"2017-03-18T00:04:03","modified_gmt":"2017-03-17T22:04:03","slug":"monitorul-oficial-nr-78-84-din-17-03-2017","status":"publish","type":"page","link":"https:\/\/taxexpert.md\/ru\/monitorul-oficial-nr-78-84-din-17-03-2017\/","title":{"rendered":"Monitorul Oficial nr. 78-84 din 17.03.2017"},"content":{"rendered":"<p><strong>Codul contraven\u0163ional al Republicii Moldova (<a href=\"http:\/\/lex.justice.md\/md\/330333\/\">nr. 218-XVI, 24 octombrie 2008<\/a>)<\/strong><\/p>\n<p><a href=\"http:\/\/lex.justice.md\/md\/330333\/\">Codul contraven\u0163ional al Republicii Moldova<\/a> este republicat \u00een Monitorul Oficial \u00een temeiul art. II, alin.(5), lit.b) al <a href=\"http:\/\/lex.justice.md\/md\/367933\/\">Legii nr. 208 din 17 noiembrie 2016<\/a> &#8211; Monitorul Oficial al Republicii Moldova, 2016, nr. 441-451, art. 879.<\/p>\n<p><strong>Decretul Pre\u0219edintelui Republicii Moldova privind constituirea Consiliului Suprem de Securitate (nr. 69-VIII, 10 martie 2017)<\/strong><\/p>\n<p>\u00cen scopul asigur\u0103rii securit\u0103\u0163ii na\u0163ionale a Republicii Moldova \u015fi \u00een temeiul art. 88 lit. j) \u015fi al art. 94 alin. (1) din Constitu\u0163ia Republicii Moldova, precum \u015fi al art. 12 din Legea securit\u0103\u0163ii statului \u015fi al art. 26 din Legea cu privire la ap\u0103rarea na\u0163ional\u0103, Pre\u015fedintele Republicii Moldova decreteaz\u0103 constituirea Consiliul Suprem de Securitate.<\/p>\n<p>Respectivul decret intr\u0103 \u00een vigoare la data semn\u0103rii.<\/p>\n<p><strong>Indicii pre\u0163urilor de consum<\/strong><\/p>\n<p>Biroul Na\u0163ional de statistic\u0103 comunic\u0103 datele privind indicele pre\u0163urilor de consum (IPC) la nivel de \u0163ar\u0103 (f\u0103r\u0103 datele raioanelor din partea st\u00eeng\u0103 a Nistrului \u015fi mun. Bender) \u00een luna februarie 2017 fa\u0163\u0103 de decembrie 2016:<br \/>\nIanuarie &#8211; 101,2%<br \/>\nFebruarie &#8211; 102,4%<\/p>\n<p><strong>Ordinul IFPS cu privire la modificarea Ordinului IFPS nr. 982 din 26 septembrie 2012 (nr. 211, 24 februarie 2017)<\/strong><\/p>\n<p>Anexa nr. 1 (Cita\u021bia bancar\u0103 electronic\u0103), Anexa nr. 2 (Comunicat informativ privind disponibilul \u00een conturile bancare) \u015fi Anexa nr. 3 (Informa\u021bia privind rulajul mijloacelor b\u0103ne\u0219ti, soldul pe conturile bancare, tranzac\u021biile \u0219i opera\u021biunile efectuate) la <a href=\"http:\/\/lex.justice.md\/md\/345032\/\">Ordinul IFPS nr. 982 din 26 septembrie 2012 cu privire la aprobarea formularelor utilizate \u00een SIA CCDE<\/a> se modific\u0103 \u015fi se expun \u00eentr-o redac\u0163ie nou\u0103.<\/p>\n<p>Ordinul dat intr\u0103 \u00een vigoare la data public\u0103rii.<\/p>\n<p><\/p>","protected":false},"excerpt":{"rendered":"<p>Codul contraven\u0163ional al Republicii Moldova (nr. 218-XVI, 24 octombrie 2008) Codul contraven\u0163ional al Republicii Moldova este republicat \u00een Monitorul Oficial \u00een temeiul art. II, alin.(5), lit.b) al Legii nr. 208 din 17 noiembrie 2016 &#8211; Monitorul Oficial al Republicii Moldova, 2016, nr. 441-451, art. 879. Decretul Pre\u0219edintelui Republicii Moldova privind constituirea Consiliului Suprem de Securitate [&hellip;]<\/p>\n","protected":false},"author":2,"featured_media":793,"parent":0,"menu_order":0,"comment_status":"closed","ping_status":"closed","template":"","meta":{"footnotes":""},"_links":{"self":[{"href":"https:\/\/taxexpert.md\/ru\/wp-json\/wp\/v2\/pages\/1491"}],"collection":[{"href":"https:\/\/taxexpert.md\/ru\/wp-json\/wp\/v2\/pages"}],"about":[{"href":"https:\/\/taxexpert.md\/ru\/wp-json\/wp\/v2\/types\/page"}],"author":[{"embeddable":true,"href":"https:\/\/taxexpert.md\/ru\/wp-json\/wp\/v2\/users\/2"}],"replies":[{"embeddable":true,"href":"https:\/\/taxexpert.md\/ru\/wp-json\/wp\/v2\/comments?post=1491"}],"version-history":[{"count":7,"href":"https:\/\/taxexpert.md\/ru\/wp-json\/wp\/v2\/pages\/1491\/revisions"}],"predecessor-version":[{"id":1501,"href":"https:\/\/taxexpert.md\/ru\/wp-json\/wp\/v2\/pages\/1491\/revisions\/1501"}],"wp:featuredmedia":[{"embeddable":true,"href":"https:\/\/taxexpert.md\/ru\/wp-json\/wp\/v2\/media\/793"}],"wp:attachment":[{"href":"https:\/\/taxexpert.md\/ru\/wp-json\/wp\/v2\/media?parent=1491"}],"curies":[{"name":"wp","href":"https:\/\/api.w.org\/{rel}","templated":true}]}}