{"id":168,"date":"2017-02-03T18:48:24","date_gmt":"2017-02-03T16:48:24","guid":{"rendered":"http:\/\/portal.taxexpert.md\/?page_id=168"},"modified":"2017-03-09T09:21:23","modified_gmt":"2017-03-09T07:21:23","slug":"formulare-persoane-juridice-formulare-tipizate-de-documente-primare-cu-regim-special","status":"publish","type":"page","link":"https:\/\/taxexpert.md\/ru\/formulare\/formulare-pentru-persoane-juridice\/formulare-persoane-juridice-formulare-tipizate-de-documente-primare-cu-regim-special\/","title":{"rendered":"\u0424\u043e\u0440\u043c\u0430 \u043f\u0435\u0440\u0432\u0438\u0447\u043d\u044b\u0445 \u0434\u043e\u043a\u0443\u043c\u0435\u043d\u0442\u043e\u0432 \u0441\u0442\u0440\u043e\u0433\u043e\u0439 \u043e\u0442\u0447\u0435\u0442\u043d\u043e\u0441\u0442\u0438"},"content":{"rendered":"<p><a href=\"http:\/\/portal.taxexpert.md\/wp-content\/uploads\/2017\/02\/factura-fiscal\u0103.doc\"><strong>Factura fiscal\u0103<\/strong><\/a><\/p>\n<p><a href=\"http:\/\/portal.taxexpert.md\/wp-content\/uploads\/2017\/02\/factur\u0103.doc\"><strong>Factur\u0103<\/strong><\/a><\/p>\n<p><a href=\"http:\/\/portal.taxexpert.md\/wp-content\/uploads\/2017\/02\/act-de-achizi\u021bie-a-m\u0103rfurilor.doc\"><strong>Act de achizi\u021bie<\/strong><\/a> a m\u0103rfurilor<\/p>\n<p><a href=\"http:\/\/portal.taxexpert.md\/wp-content\/uploads\/2017\/02\/act-de-achizi\u021bie-a-serviciilor-de-loca\u021biune-\u0219i-a-cheltuielilor-aferente.doc\"><strong>Act de achizi\u021bie<\/strong><\/a> a serviciilor de loca\u0163iune \u015fi a cheltuielilor aferente<\/p>\n<p><a href=\"http:\/\/portal.taxexpert.md\/wp-content\/uploads\/2017\/02\/bon-de-plat\u0103.doc\"><strong>Bon de plat\u0103<\/strong><\/a><\/p>\n<p><a href=\"http:\/\/portal.taxexpert.md\/wp-content\/uploads\/2017\/02\/Foaie-de-parcurs-pentru-autocamioane.doc\"><strong>Foaie de parcurs<\/strong><\/a> pentru autocamioane<\/p>\n<p><a href=\"http:\/\/portal.taxexpert.md\/wp-content\/uploads\/2017\/02\/Foaie-de-parcurs-pentru-autoturisme.doc\"><strong>Foaie de parcurs<\/strong><\/a> pentru autoturisme<\/p>\n<p><a href=\"http:\/\/portal.taxexpert.md\/wp-content\/uploads\/2017\/02\/Foaie-de-parcurs-pentru-autobuze.doc\"><strong>Foaie de parcurs<\/strong><\/a> pentru autobuze<\/p>\n<p><a href=\"http:\/\/portal.taxexpert.md\/wp-content\/uploads\/2017\/02\/Delegatie.doc\"><strong>M-2 &#8211; Delega\u0163ie<\/strong><\/a><\/p>\n<p><a href=\"http:\/\/portal.taxexpert.md\/wp-content\/uploads\/2017\/02\/FR-5-Fi\u015fa-de-recep\u0163ie-calcula\u0163ie.doc\"><strong>FR-5 &#8211; Fi\u015f\u0103 de recep\u0163ie<\/strong><\/a> &#8211; calcula\u0163ie achizi\u0163ie de cartofi \u015fi legume<\/p>\n<p><a href=\"http:\/\/portal.taxexpert.md\/wp-content\/uploads\/2017\/02\/FR-7-Fi\u015fa-de-recep\u0163ie-calcula\u0163ie.doc\"><strong>FR-7 &#8211; Fi\u015f\u0103 de recep\u0163ie<\/strong><\/a> &#8211; calcula\u0163ie achizi\u0163ie struguri<\/p>\n<p><a href=\"http:\/\/portal.taxexpert.md\/wp-content\/uploads\/2017\/02\/FR-8-Fi\u015fa-de-recep\u0163ie-calcula\u0163ie.doc\"><strong>FR-8 &#8211; Fi\u015f\u0103 de recep\u0163ie<\/strong><\/a> &#8211; calcula\u0163ie achizi\u0163ie sfecl\u0103 de zah\u0103r<\/p>\n<p><a href=\"http:\/\/portal.taxexpert.md\/wp-content\/uploads\/2017\/02\/FR-9-Fi\u015fa-de-recep\u0163ie-calcula\u0163ie.doc\"><strong>FR-9 &#8211; Fi\u015f\u0103 de recep\u0163ie<\/strong><\/a> &#8211; calcula\u0163ie achizi\u0163ie cereale, culturi oleaginoase \u015fi semin\u0163e de ierburi<\/p>\n<p><a href=\"http:\/\/portal.taxexpert.md\/wp-content\/uploads\/2017\/02\/FR-11-Fi\u015fa-de-recep\u0163ie-calcula\u0163ie.doc\"><strong>FR-11 &#8211; Fi\u015f\u0103 de recep\u0163ie<\/strong><\/a> &#8211; calcula\u0163ie achizi\u0163ie fructe \u015fi pomu\u015foare, produse agricole \u015fi materie prim\u0103 (pentru care nu s\u00eent prev\u0103zute formulare speciale)<\/p>\n<p><a href=\"http:\/\/portal.taxexpert.md\/wp-content\/uploads\/2017\/02\/FR-15-Fi\u015fa-de-recep\u0163ie-calcula\u0163ie.doc\"><strong>FR-15 &#8211; Fi\u015f\u0103 de recep\u0163ie<\/strong><\/a> &#8211; calcula\u0163ie achizi\u0163ie tutun<\/p>\n<p><a href=\"http:\/\/portal.taxexpert.md\/wp-content\/uploads\/2017\/02\/FR-18-Fi\u015fa-de-recep\u0163ie-calcula\u0163ie.doc\"><strong>FR-18 &#8211; Fi\u015f\u0103 de recep\u0163ie<\/strong><\/a> &#8211; calcula\u0163ie achizi\u0163ie culturi eterooleaginoase<\/p>\n<p><a href=\"http:\/\/portal.taxexpert.md\/wp-content\/uploads\/2017\/02\/TV-20.doc\"><strong>TV-20<\/strong><\/a> &#8211; Chitan\u0163a pentru bunurile primite spre p\u0103strare<\/p>\n<p><a href=\"http:\/\/portal.taxexpert.md\/wp-content\/uploads\/2017\/02\/TV-25.doc\"><strong>TV-25<\/strong><\/a> &#8211; Adeverin\u0163a pentru mijlocul de transport importat<\/p>\n<p><a href=\"http:\/\/portal.taxexpert.md\/wp-content\/uploads\/2017\/02\/TV-26.doc\"><strong>TV-26<\/strong><\/a> &#8211; Autoriza\u0163ie pentru \u00eenregistrarea mijlocului de transport introdus temporar \u00een Republica Moldova<\/p>\n<p><a href=\"http:\/\/portal.taxexpert.md\/wp-content\/uploads\/2017\/02\/TV-28.doc\"><strong>TV-28<\/strong><\/a> &#8211; Certificat pentru legiferarea valutei str\u0103ine introduse \u00een Republica Moldova (bancnote, monede), documente de plat\u0103 (cecuri, acreditive), metale pre\u0163ioase (aur, argint, platin\u0103, alte metale), pietre scumpe (diamante, briliante, rubine, smaralde, safir, perle), articole din bijuterie din metale pre\u0163ioase \u015fi din pietre scumpe.<\/p>\n","protected":false},"excerpt":{"rendered":"<p>Factura fiscal\u0103 Factur\u0103 Act de achizi\u021bie a m\u0103rfurilor Act de achizi\u021bie a serviciilor de loca\u0163iune \u015fi a cheltuielilor aferente Bon de plat\u0103 Foaie de parcurs pentru autocamioane Foaie de parcurs pentru autoturisme Foaie de parcurs pentru autobuze M-2 &#8211; Delega\u0163ie FR-5 &#8211; Fi\u015f\u0103 de recep\u0163ie &#8211; calcula\u0163ie achizi\u0163ie de cartofi \u015fi legume FR-7 &#8211; Fi\u015f\u0103 [&hellip;]<\/p>\n","protected":false},"author":2,"featured_media":0,"parent":160,"menu_order":0,"comment_status":"closed","ping_status":"closed","template":"","meta":{"footnotes":""},"_links":{"self":[{"href":"https:\/\/taxexpert.md\/ru\/wp-json\/wp\/v2\/pages\/168"}],"collection":[{"href":"https:\/\/taxexpert.md\/ru\/wp-json\/wp\/v2\/pages"}],"about":[{"href":"https:\/\/taxexpert.md\/ru\/wp-json\/wp\/v2\/types\/page"}],"author":[{"embeddable":true,"href":"https:\/\/taxexpert.md\/ru\/wp-json\/wp\/v2\/users\/2"}],"replies":[{"embeddable":true,"href":"https:\/\/taxexpert.md\/ru\/wp-json\/wp\/v2\/comments?post=168"}],"version-history":[{"count":5,"href":"https:\/\/taxexpert.md\/ru\/wp-json\/wp\/v2\/pages\/168\/revisions"}],"predecessor-version":[{"id":1325,"href":"https:\/\/taxexpert.md\/ru\/wp-json\/wp\/v2\/pages\/168\/revisions\/1325"}],"up":[{"embeddable":true,"href":"https:\/\/taxexpert.md\/ru\/wp-json\/wp\/v2\/pages\/160"}],"wp:attachment":[{"href":"https:\/\/taxexpert.md\/ru\/wp-json\/wp\/v2\/media?parent=168"}],"curies":[{"name":"wp","href":"https:\/\/api.w.org\/{rel}","templated":true}]}}