{"id":170,"date":"2017-02-03T18:48:58","date_gmt":"2017-02-03T16:48:58","guid":{"rendered":"http:\/\/portal.taxexpert.md\/?page_id=170"},"modified":"2017-03-05T19:02:05","modified_gmt":"2017-03-05T17:02:05","slug":"formulare-persoane-juridice-impozitul-pe-bunurile-imobiliare","status":"publish","type":"page","link":"https:\/\/taxexpert.md\/ru\/formulare\/formulare-pentru-persoane-juridice\/formulare-persoane-juridice-impozitul-pe-bunurile-imobiliare\/","title":{"rendered":"\u041d\u0430\u043b\u043e\u0433 \u043d\u0430 \u043d\u0435\u0434\u0432\u0438\u0436\u0438\u043c\u043e\u0435 \u0438\u043c\u0443\u0449\u0435\u0441\u0442\u0432\u043e"},"content":{"rendered":"<p><a href=\"http:\/\/portal.taxexpert.md\/wp-content\/uploads\/2017\/02\/BIJ15.doc\"><strong>BIJ15<\/strong><\/a> &#8211; Calculul impozitului pe bunurile imobiliare<\/p>\n<p><a href=\"http:\/\/portal.taxexpert.md\/wp-content\/uploads\/2017\/02\/BIPF-1.doc\"><strong>BIPF-1<\/strong><\/a> &#8211; Darea de seam\u0103 privind sumele impozitelor funciar \u015fi pe bunurile imobiliare calculate persoanelor fizice (cet\u0103\u0163eni) \u015fi gospod\u0103riilor \u0163\u0103r\u0103ne\u015fti (de fermier)<\/p>\n","protected":false},"excerpt":{"rendered":"<p>BIJ15 &#8211; Calculul impozitului pe bunurile imobiliare BIPF-1 &#8211; Darea de seam\u0103 privind sumele impozitelor funciar \u015fi pe bunurile imobiliare calculate persoanelor fizice (cet\u0103\u0163eni) \u015fi gospod\u0103riilor \u0163\u0103r\u0103ne\u015fti (de fermier)<\/p>\n","protected":false},"author":2,"featured_media":0,"parent":160,"menu_order":0,"comment_status":"closed","ping_status":"closed","template":"","meta":{"footnotes":""},"_links":{"self":[{"href":"https:\/\/taxexpert.md\/ru\/wp-json\/wp\/v2\/pages\/170"}],"collection":[{"href":"https:\/\/taxexpert.md\/ru\/wp-json\/wp\/v2\/pages"}],"about":[{"href":"https:\/\/taxexpert.md\/ru\/wp-json\/wp\/v2\/types\/page"}],"author":[{"embeddable":true,"href":"https:\/\/taxexpert.md\/ru\/wp-json\/wp\/v2\/users\/2"}],"replies":[{"embeddable":true,"href":"https:\/\/taxexpert.md\/ru\/wp-json\/wp\/v2\/comments?post=170"}],"version-history":[{"count":4,"href":"https:\/\/taxexpert.md\/ru\/wp-json\/wp\/v2\/pages\/170\/revisions"}],"predecessor-version":[{"id":1212,"href":"https:\/\/taxexpert.md\/ru\/wp-json\/wp\/v2\/pages\/170\/revisions\/1212"}],"up":[{"embeddable":true,"href":"https:\/\/taxexpert.md\/ru\/wp-json\/wp\/v2\/pages\/160"}],"wp:attachment":[{"href":"https:\/\/taxexpert.md\/ru\/wp-json\/wp\/v2\/media?parent=170"}],"curies":[{"name":"wp","href":"https:\/\/api.w.org\/{rel}","templated":true}]}}