{"id":172,"date":"2017-02-03T10:49:36","date_gmt":"2017-02-03T08:49:36","guid":{"rendered":"http:\/\/portal.taxexpert.md\/?page_id=172"},"modified":"2018-02-23T13:47:39","modified_gmt":"2018-02-23T11:47:39","slug":"formulare-persoane-juridice-impozitul-pe-venit","status":"publish","type":"page","link":"https:\/\/taxexpert.md\/ru\/formulare\/formulare-pentru-persoane-juridice\/formulare-persoane-juridice-impozitul-pe-venit\/","title":{"rendered":"\u041f\u043e\u0434\u043e\u0445\u043e\u0434\u043d\u044b\u0439 \u043d\u0430\u043b\u043e\u0433"},"content":{"rendered":"<p><strong><a href=\"http:\/\/portal.taxexpert.md\/wp-content\/uploads\/2017\/02\/VEN12.doc\">VEN12<\/a><\/strong> &#8211; Declara\u0163ia persoanei juridice cu privire la impozitul pe venit. <a href=\"http:\/\/portal.taxexpert.md\/wp-content\/uploads\/2017\/02\/Modul-de-completare-VEN12.doc\"><strong>Modul de completare<\/strong><\/a><\/p>\n<p><strong><a href=\"http:\/\/portal.taxexpert.md\/wp-content\/uploads\/2017\/02\/IVAO15.doc\">IVAO15<\/a><\/strong> &#8211; Darea de seam\u0103 privind impozitul pe venitul din activitatea opera\u0163ional\u0103. <a href=\"http:\/\/portal.taxexpert.md\/wp-content\/uploads\/2017\/02\/Modul-de-completare-IVAO15.doc\"><strong>Modul de completare<\/strong><\/a><\/p>\n<p><strong><a href=\"http:\/\/portal.taxexpert.md\/wp-content\/uploads\/2018\/01\/AI17.pdf\">AI17<\/a><\/strong> &#8211; Declara\u021bia cu privire la impozitul pe venit a persoanei fizice care desf\u0103\u0219oar\u0103 activitate independent\u0103.<\/p>\n<p><strong><a href=\"http:\/\/portal.taxexpert.md\/wp-content\/uploads\/2018\/02\/IPC18.doc\">IPC18<\/a><\/strong> &#8211; Darea de seam\u0103 privind re\u021binerea impozitului pe venit, a primelor de asigurare obligatorie de asisten\u021b\u0103 medical\u0103 \u0219i a contribu\u021biilor de asigur\u0103ri sociale de stat obligatorii calculate.<\/p>\n<p><a href=\"http:\/\/portal.taxexpert.md\/wp-content\/uploads\/2017\/02\/IRV14.doc\"><strong>IRV14<\/strong><\/a> &#8211; Darea de seam\u0103 privind suma venitului achitat \u0219i impozitul pe venit re\u021binut din acesta. <a href=\"http:\/\/portal.taxexpert.md\/wp-content\/uploads\/2017\/02\/Nota-explicativa-privind-completarea-IRV14-IALS14-INR14.doc\"><strong>Modul de completare<\/strong><\/a><\/p>\n<p><a href=\"http:\/\/portal.taxexpert.md\/wp-content\/uploads\/2017\/02\/IALS14.doc\"><strong>IALS14<\/strong><\/a> &#8211; Nota de informare privind salariul \u015fi alte pl\u0103\u0163i efectuate de c\u0103tre patron \u00een folosul angaja\u0163ilor, precum \u015fi pl\u0103\u0163ile achitate reziden\u0163ilor din alte surse de venit dec\u00eet salariul \u015fi impozitul pe venit re\u0163inut din aceste pl\u0103\u0163i. <a href=\"http:\/\/portal.taxexpert.md\/wp-content\/uploads\/2017\/02\/Nota-explicativa-privind-completarea-IRV14-IALS14-INR14.doc\"><strong>Modul de completare<\/strong><\/a><\/p>\n<p><a href=\"http:\/\/portal.taxexpert.md\/wp-content\/uploads\/2017\/02\/INR14.doc\"><strong>INR14<\/strong><\/a> &#8211; Nota de informare privind impozitul re\u021binut din sursele de venit altele dec\u00e2t salariul achitate persoanelor nerezidente. <a href=\"http:\/\/portal.taxexpert.md\/wp-content\/uploads\/2017\/02\/Nota-explicativa-privind-completarea-IRV14-IALS14-INR14.doc\"><strong>Modul de completare<\/strong><\/a><\/p>\n<p><a href=\"http:\/\/portal.taxexpert.md\/wp-content\/uploads\/2017\/02\/UNIF14.doc\"><strong>UNIF14<\/strong><\/a> &#8211; Darea de seam\u0103 fiscal\u0103 unificat\u0103. <a href=\"http:\/\/portal.taxexpert.md\/wp-content\/uploads\/2017\/02\/Modul-de-completare-UNIF14.doc\"><strong>Modul de completare<\/strong><\/a><\/p>\n<p><a href=\"http:\/\/portal.taxexpert.md\/wp-content\/uploads\/2017\/02\/NER-16.doc\"><strong>NER-16<\/strong><\/a> &#8211; Darea de seam\u0103 privind activitatea desf\u0103\u0219urat\u0103 de nereziden\u021bi \u00een Republica Moldova \u0219i veniturile ob\u021binute de c\u0103tre ace\u0219tia<\/p>\n<p><a href=\"http:\/\/portal.taxexpert.md\/wp-content\/uploads\/2017\/02\/CNOTAREX15.doc\"><strong>CNOTAREX15<\/strong><\/a> &#8211; Calculul impozitului pe venitul persoanelor ce practic\u0103 activitate profesional\u0103 de notar sau de executor judec\u0103toresc<\/p>\n<p><a href=\"http:\/\/portal.taxexpert.md\/wp-content\/uploads\/2017\/02\/CERERE-privind-restituirea-impozitului-pe-venit.doc\"><strong>CERERE<\/strong><\/a> privind restituirea sumei impozitului pe venit achitat\/re\u021binut \u00een plus de la persoana fizic\u0103 rezident a Republicii Moldova, care nu desf\u0103\u0219oar\u0103 activitate de \u00eentreprinz\u0103tor<\/p>\n<p><a href=\"http:\/\/portal.taxexpert.md\/wp-content\/uploads\/2017\/02\/CERERE-privind-scutirea-de-plata-impozitului-pe-venit-a-organiza\u0163iilor-necomerciale.doc\"><strong>CERERE<\/strong><\/a> privind scutirea de plata impozitului pe venit a organiza\u0163iilor necomerciale<\/p>\n<p><a href=\"http:\/\/portal.taxexpert.md\/wp-content\/uploads\/2017\/02\/CEREREA-angajatului-privind-acordarea-scutirilor-la-impozitul-pe-venit-re\u0163inut-din-salariu.doc\"><strong>CEREREA<\/strong><\/a> angajatului privind acordarea scutirilor la impozitul pe venit re\u0163inut din salariu<\/p>\n<p><a href=\"http:\/\/portal.taxexpert.md\/wp-content\/uploads\/2017\/02\/fisa-personala-de-eviden\u0163\u0103-a-veniturilor-sub-form\u0103-de-salariu-\u015fi-a-altor-pl\u0103\u0163i-efectuate-de-c\u0103tre-patron-\u00een-folosul-angajatului-precum-\u015fi-a-impozitului-pe-venit-re\u0163inut-din-aceste-pl\u0103\u0163i.doc\"><strong>FI\u015eA PERSONAL\u0102<\/strong><\/a> de eviden\u0163\u0103 a veniturilor sub form\u0103 de salariu \u015fi a altor pl\u0103\u0163i efectuate de c\u0103tre patron \u00een folosul angajatului pe anul ____, precum \u015fi a impozitului pe venit re\u0163inut din aceste pl\u0103\u0163i<\/p>\n<p><a href=\"http:\/\/portal.taxexpert.md\/wp-content\/uploads\/2017\/02\/informatia-privind-veniturile-calculate-\u015fi-achitate-\u00een-folosul-persoanei-fizice-juridice-\u015fi-impozitul-pe-venit-re\u0163inut-din-aceste-venituri.doc\"><strong>INFORMA\u0162IA<\/strong><\/a> privind veniturile calculate \u015fi achitate \u00een folosul persoanei fizice (juridice) \u015fi impozitul pe venit re\u0163inut din aceste venituri<\/p>\n<p><a href=\"http:\/\/portal.taxexpert.md\/wp-content\/uploads\/2017\/02\/NERRAP08.doc\"><strong>NERRAP08<\/strong><\/a> &#8211; Raportul privind activitatea desf\u0103\u015furat\u0103 de reprezentan\u0163a nerezidentului<\/p>\n<p><a href=\"http:\/\/portal.taxexpert.md\/wp-content\/uploads\/2017\/02\/1-DTA-09.doc\"><strong>1-DTA-09<\/strong><\/a> &#8211; Certificat de reziden\u0163\u0103 \u00een conformitate cu Conven\u0163ia (Acordul) pentru evitarea dublei impuneri \u00eentre Republica Moldova \u015fi _____<\/p>\n<p><a href=\"http:\/\/portal.taxexpert.md\/wp-content\/uploads\/2017\/02\/2-DTA-09.doc\"><strong>2-DTA-09<\/strong><\/a> &#8211; Cerere pentru eliberarea Certificatului privind atestarea impozitului pe venit achitat \u00een Republica Moldova, conform Conven\u0163iei (Acordului) pentru evitarea dublei impuneri \u00eentre Republica Moldova \u015fi _____<\/p>\n<p><a href=\"http:\/\/portal.taxexpert.md\/wp-content\/uploads\/2017\/02\/3-DTA-09.doc\"><strong>3-DTA-09<\/strong><\/a> &#8211; Cerere pentru eliberarea Certificatului privind atestarea impozitului pe venit achitat \u00een Republica Moldova \u00een lipsa tratatului interna\u0163ional<\/p>\n<p><a href=\"http:\/\/portal.taxexpert.md\/wp-content\/uploads\/2017\/02\/4-DTA-09.doc\"><strong>4-DTA-09<\/strong><\/a> &#8211; Certificat privind atestarea impozitului pe venit achitat \u00een Republica Moldova, conform Conven\u0163iei (Acordului) pentru evitarea dublei impuneri \u00eentre Republica Moldova \u015fi _____<\/p>\n<p><a href=\"http:\/\/portal.taxexpert.md\/wp-content\/uploads\/2017\/02\/5-DTA-09.doc\"><strong>5-DTA-09<\/strong><\/a> &#8211; Certificat privind atestarea impozitului pe venit achitat \u00een Republica Moldova \u00een lipsa tratatului interna\u0163ional<\/p>\n<p><a href=\"http:\/\/portal.taxexpert.md\/wp-content\/uploads\/2017\/02\/6-DTA-09.doc\"><strong>6-DTA-09<\/strong><\/a> &#8211; Certificat privind atestarea impozitului pe venit achitat \u00een Republica Moldova, conform Conven\u0163iei (Acordului) pentru evitarea dublei impuneri \u00eentre Republica Moldova \u015fi _____, aferent persoanelor fizice str\u0103ine cu permis de \u015federe \u00een Republica Moldova<\/p>\n<p><a href=\"http:\/\/portal.taxexpert.md\/wp-content\/uploads\/2017\/02\/7-DTA-09.doc\"><strong>7-DTA-09<\/strong><\/a> &#8211; Certificat privind atestarea impozitului pe venit achitat \u00een Republica Moldova, conform legisla\u0163iei \u00een vigoare, aferent persoanelor fizice str\u0103ine cu permis de \u015federe \u00een Republica Moldova<\/p>\n<p><a href=\"http:\/\/portal.taxexpert.md\/wp-content\/uploads\/2017\/02\/8-DTA-09.doc\"><strong>8-DTA-09<\/strong><\/a> &#8211; Cerere pentru restituirea impozitului pe venit re\u0163inut din surse aflate \u00een Republica Moldova<\/p>\n","protected":false},"excerpt":{"rendered":"<p>VEN12 &#8211; Declara\u0163ia persoanei juridice cu privire la impozitul pe venit. Modul de completare IVAO15 &#8211; Darea de seam\u0103 privind impozitul pe venitul din activitatea opera\u0163ional\u0103. Modul de completare AI17 &#8211; Declara\u021bia cu privire la impozitul pe venit a persoanei fizice care desf\u0103\u0219oar\u0103 activitate independent\u0103. IPC18 &#8211; Darea de seam\u0103 privind re\u021binerea impozitului pe venit, [&hellip;]<\/p>\n","protected":false},"author":2,"featured_media":0,"parent":160,"menu_order":0,"comment_status":"closed","ping_status":"closed","template":"","meta":{"footnotes":""},"_links":{"self":[{"href":"https:\/\/taxexpert.md\/ru\/wp-json\/wp\/v2\/pages\/172"}],"collection":[{"href":"https:\/\/taxexpert.md\/ru\/wp-json\/wp\/v2\/pages"}],"about":[{"href":"https:\/\/taxexpert.md\/ru\/wp-json\/wp\/v2\/types\/page"}],"author":[{"embeddable":true,"href":"https:\/\/taxexpert.md\/ru\/wp-json\/wp\/v2\/users\/2"}],"replies":[{"embeddable":true,"href":"https:\/\/taxexpert.md\/ru\/wp-json\/wp\/v2\/comments?post=172"}],"version-history":[{"count":8,"href":"https:\/\/taxexpert.md\/ru\/wp-json\/wp\/v2\/pages\/172\/revisions"}],"predecessor-version":[{"id":3683,"href":"https:\/\/taxexpert.md\/ru\/wp-json\/wp\/v2\/pages\/172\/revisions\/3683"}],"up":[{"embeddable":true,"href":"https:\/\/taxexpert.md\/ru\/wp-json\/wp\/v2\/pages\/160"}],"wp:attachment":[{"href":"https:\/\/taxexpert.md\/ru\/wp-json\/wp\/v2\/media?parent=172"}],"curies":[{"name":"wp","href":"https:\/\/api.w.org\/{rel}","templated":true}]}}