{"id":208,"date":"2017-02-03T19:07:23","date_gmt":"2017-02-03T17:07:23","guid":{"rendered":"http:\/\/portal.taxexpert.md\/?page_id=208"},"modified":"2017-03-08T20:55:15","modified_gmt":"2017-03-08T18:55:15","slug":"lista-activitatilor-licentiate","status":"publish","type":"page","link":"https:\/\/taxexpert.md\/ru\/lista-activitatilor-licentiate\/","title":{"rendered":"\u041b\u0438\u0446\u0435\u043d\u0437\u0438\u0440\u0443\u0435\u043c\u044b\u0435 \u0432\u0438\u0434\u044b \u0434\u0435\u044f\u0442\u0435\u043b\u044c\u043d\u043e\u0441\u0442\u0438"},"content":{"rendered":"<p>1. Activitatea de audit<\/p>\n<p>2. Activitatea de evaluare a bunurilor imobile<\/p>\n<p>4. Activitatea cu metale pre\u0163ioase \u015fi pietre pre\u0163ioase; func\u0163ionarea caselor de amanet;<\/p>\n<p>5. Activitatea \u00een domeniul jocurilor de noroc: organizarea \u015fi desf\u0103\u015furarea loteriilor, \u00eentre\u0163inerea cazinourilor, exploatarea automatelor de joc cu c\u00ee\u015ftiguri b\u0103ne\u015fti, stabilirea mizelor la competi\u0163iile sportive<\/p>\n<p>6. Importul \u015fi p\u0103strarea alcoolului etilic; importul, p\u0103strarea \u015fi comercializarea angro a produc\u0163iei alcoolice \u015fi\/sau a berii importate;<\/p>\n<p>7. Fabricarea alcoolului etilic, produc\u0163iei alcoolice, berii \u015fi\/sau p\u0103strarea, comercializarea angro a alcoolului etilic, a produc\u0163iei alcoolice \u015fi a berii produse de produc\u0103torii autohtoni<\/p>\n<p>8. Importul articolelor de tutun; importul \u015fi\/sau prelucrarea industrial\u0103 a tutunului; fabricarea articolelor din tutun \u015fi\/sau comercializarea angro a articolelor din tutun \u015fi a tutunului fermentat;<\/p>\n<p>9. Activitatea farmaceutic\u0103 veterinar\u0103 \u015fi\/sau asisten\u0163a veterinar\u0103 (cu excep\u0163ia activit\u0103\u0163ii desf\u0103\u015furate de serviciul veterinar de stat)<\/p>\n<p>11. Activitatea de transport rutier<\/p>\n<p>* Activitatea de transport rutier de colete<\/p>\n<p>* Activitatea de transport rutier de m\u0103rfuri \u00een trafic na\u0163ional<\/p>\n<p>* Activitatea de transport rutier de m\u0103rfuri \u00een trafic interna\u0163ional<\/p>\n<p>* Activitatea de transport rutier de persoane prin servicii ocazionale, inclusiv turistice<\/p>\n<p>* Activitatea de transport rutier de persoane prin servicii regulate<\/p>\n<p>* Activitatea de transport rutier de persoane prin servicii regulate speciale<\/p>\n<p>* Activitatea de transport rutier de persoane \u00een regim de taxi<\/p>\n<p>* Model declaratie<\/p>\n<p>* Model lista vehiculelor<\/p>\n<p>12. Activitatea de proiectare pentru toate categoriile de construc\u0163ii, urbanism, instala\u0163ii \u015fi re\u0163ele tehnico-edilitare, reconstruc\u0163ii, restaur\u0103ri<\/p>\n<p>*Nomenclatorul lucr\u0103rilor de proiectare pentru toate categoriile de construc\u0163ii, urbanism, instala\u0163ii \u015fi re\u0163ele tehnico-edilitare, reconstruc\u0163ii, restaur\u0103ri, care se practic\u0103 \u00een baz\u0103 de licen\u0163\u0103<\/p>\n<p>13. Construc\u0163iile de cl\u0103diri \u015fi\/sau construc\u0163iile inginere\u015fti, instala\u0163iile \u015fi re\u0163elele tehnico-edilitare, reconstruc\u0163iile, consolid\u0103rile, restaur\u0103rile<\/p>\n<p>* Nomenclatorul lucr\u0103rilor de construc\u0163ii de cl\u0103diri \u015fi\/sau construc\u0163ii inginere\u015fti, instala\u0163ii \u015fi re\u0163ele tehnico-edilitare, reconstruc\u0163iile, consolid\u0103rile, restaur\u0103rile, care se practic\u0103 \u00een baz\u0103 de licen\u0163\u0103<\/p>\n<p>14. Extragerea substan\u0163elor minerale utile \u015fi\/sau \u00eembutelierea apelor minerale \u015fi naturale potabile<\/p>\n<p>15. Activitatea topogeodezic\u0103 \u015fi\/sau cartografic\u0103<\/p>\n<p>16. Colectarea, p\u0103strarea, prelucrarea, comercializarea, precum \u015fi exportul resturilor \u015fi de\u015feurilor de metale feroase \u015fi neferoase, de baterii de acumulatoare uzate, inclusiv \u00een stare prelucrat\u0103<\/p>\n<p>17. Importul \u015fi\/sau fabricarea, depozitarea, comercializarea angro a substan\u0163elor \u015fi materialelor chimice toxice, a articolelor \u015fi produselor chimice de menaj<\/p>\n<p>19. Activitatea particular\u0103 de detectiv sau de paz\u0103<\/p>\n<p>20. Montarea \u015fi\/sau reglarea, asisten\u0163a tehnic\u0103 a sistemelor automate de semnalizare \u015fi de stingere a incendiilor, precum \u015fi de protec\u0163ie a cl\u0103dirilor \u00eempotriva fumului \u015fi de \u00een\u015ftiin\u0163are \u00een caz de incendiu<\/p>\n<p>21. Producerea, asamblarea, importul \u015fi\/sau exportul, reexportul, comercializarea armelor \u015fi muni\u0163iilor cu destina\u0163ie civil\u0103 \u015fi repararea armelor cu destina\u0163ie civil\u0103<\/p>\n<p>22. Producerea, importul, exportul, reexportul, comercializarea, depozitarea materialelor explozive \u015fi\/sau efectuarea lucr\u0103rilor cu explozibil de uz civil<\/p>\n<p>23. Producerea, asamblarea, importul, exportul, reexportul, depozitarea, comercializarea articolelor pirotehnice \u015fi\/sau prestarea serviciului &#8220;Spectacole pirotehnice \u015fi focuri de artificii&#8221; cu articole pirotehnice de divertisment de destina\u0163ie profesional\u0103<\/p>\n<p>24. Importul, exportul, proiectarea, producerea \u015fi comercializarea mijloacelor criptografice \u015fi tehnice de protec\u0163ie a informa\u0163iei, mijloacelor tehnice speciale pentru ob\u0163inerea ascuns\u0103 a informa\u0163iei; prestarea serviciilor \u00een domeniul protec\u0163iei criptografice \u015fi tehnice a informa\u0163iei (cu excep\u0163ia activit\u0103\u0163ii desf\u0103\u015furate de autorit\u0103\u0163ile publice \u00eenvestite cu acest drept prin lege);<\/p>\n<p>25. Activitatea farmaceutic\u0103<\/p>\n<p>26. Importul, fabricarea, comercializarea, asisten\u0163a tehnic\u0103 \u015fi\/sau repara\u0163ia dispozitivelor medicale \u015fi\/sau a opticii;<\/p>\n<p>27. Acordarea asisten\u0163ei medicale de c\u0103tre institu\u0163iile medico-sanitare private;<\/p>\n<p>28. Activitatea legat\u0103 de plasarea \u00een c\u00eempul muncii a cet\u0103\u0163enilor \u00een \u0163ar\u0103 \u015fi\/sau \u00een str\u0103in\u0103tate<\/p>\n<p>* Model declara\u0163ie (Work travel).<\/p>\n<p>29. Activitatea de turism<\/p>\n<p>31. Activitatea magazinelor duty-free, inclusiv pentru deservirea corpului diplomatic<\/p>\n<p>32. Activitatea de broker vamal<\/p>\n<p>32*. Activitatea de instruire a personalului din domeniul transportului rutier<\/p>\n<p>32**. Activitatea de autogara<\/p>\n","protected":false},"excerpt":{"rendered":"<p>1. Activitatea de audit 2. Activitatea de evaluare a bunurilor imobile 4. Activitatea cu metale pre\u0163ioase \u015fi pietre pre\u0163ioase; func\u0163ionarea caselor de amanet; 5. Activitatea \u00een domeniul jocurilor de noroc: organizarea \u015fi desf\u0103\u015furarea loteriilor, \u00eentre\u0163inerea cazinourilor, exploatarea automatelor de joc cu c\u00ee\u015ftiguri b\u0103ne\u015fti, stabilirea mizelor la competi\u0163iile sportive 6. Importul \u015fi p\u0103strarea alcoolului etilic; importul, [&hellip;]<\/p>\n","protected":false},"author":2,"featured_media":0,"parent":0,"menu_order":0,"comment_status":"closed","ping_status":"closed","template":"","meta":{"footnotes":""},"_links":{"self":[{"href":"https:\/\/taxexpert.md\/ru\/wp-json\/wp\/v2\/pages\/208"}],"collection":[{"href":"https:\/\/taxexpert.md\/ru\/wp-json\/wp\/v2\/pages"}],"about":[{"href":"https:\/\/taxexpert.md\/ru\/wp-json\/wp\/v2\/types\/page"}],"author":[{"embeddable":true,"href":"https:\/\/taxexpert.md\/ru\/wp-json\/wp\/v2\/users\/2"}],"replies":[{"embeddable":true,"href":"https:\/\/taxexpert.md\/ru\/wp-json\/wp\/v2\/comments?post=208"}],"version-history":[{"count":2,"href":"https:\/\/taxexpert.md\/ru\/wp-json\/wp\/v2\/pages\/208\/revisions"}],"predecessor-version":[{"id":1308,"href":"https:\/\/taxexpert.md\/ru\/wp-json\/wp\/v2\/pages\/208\/revisions\/1308"}],"wp:attachment":[{"href":"https:\/\/taxexpert.md\/ru\/wp-json\/wp\/v2\/media?parent=208"}],"curies":[{"name":"wp","href":"https:\/\/api.w.org\/{rel}","templated":true}]}}