{"id":212,"date":"2017-02-03T19:08:21","date_gmt":"2017-02-03T17:08:21","guid":{"rendered":"http:\/\/portal.taxexpert.md\/?page_id=212"},"modified":"2017-03-08T20:50:36","modified_gmt":"2017-03-08T18:50:36","slug":"lista-sanctiunilor-stabilite-de-cf-pentru-incalcarile-fiscale","status":"publish","type":"page","link":"https:\/\/taxexpert.md\/ru\/lista-sanctiunilor-stabilite-de-cf-pentru-incalcarile-fiscale\/","title":{"rendered":"\u0421\u043f\u0438\u0441\u043e\u043a \u0441\u0430\u043d\u043a\u0446\u0438\u0439, \u043a\u043e\u0442\u043e\u0440\u044b\u0435 \u043f\u0440\u0435\u0434\u0443\u0441\u043c\u043e\u0442\u0440\u0435\u043d\u044b \u041d\u0430\u043b\u043e\u0433\u043e\u0432\u044b\u043c \u043a\u043e\u0434\u0435\u043a\u0441\u043e\u043c"},"content":{"rendered":"<p><\/p>\n<table style=\"height: 6827px;\" width=\"698\">\n<tbody>\n<tr>\n<td width=\"539\">\n<p style=\"text-align: center;\"><strong>\u041d\u0430\u043b\u043e\u0433\u043e\u0432\u0430\u044f \u043f\u0440\u0430\u0432\u043e\u043d\u0430\u0440\u0443\u0448\u0435\u043d\u0438\u044f<\/strong><\/p>\n<\/td>\n<td style=\"text-align: center;\" width=\"111\"><strong>\u0421\u0442\u0430\u0442\u044c\u044f \u041d\u0430\u043b\u043e\u0433\u043e\u0432\u043e\u0433\u043e \u043a\u043e\u0434\u0435\u043a\u0441\u0430<\/strong><\/td>\n<td width=\"252\">\n<p style=\"text-align: center;\"><strong>\u0420\u0430\u0437\u043c\u0435\u0440 \u0448\u0442\u0440\u0430\u0444\u0430<\/strong><\/p>\n<\/td>\n<\/tr>\n<tr>\n<td width=\"539\">\u00cempiedicarea controlului fiscal prin neasigurarea accesului \u00een \u00eenc\u0103perile de produc\u0163ie, \u00een depozite, \u00een locurile de p\u0103strare a bunurilor, \u00een spa\u0163iile comerciale \u015fi \u00een spa\u0163iile cu o alt\u0103 destina\u0163ie, prin neprezentarea de explica\u0163ii, date, informa\u0163ii \u015fi documente, necesare organului fiscal, asupra problemelor care apar \u00een timpul controlului, prin alte ac\u0163iuni sau inac\u0163iune<\/td>\n<td width=\"111\">253 alin. (1)<\/td>\n<td width=\"252\">5000 lei<\/td>\n<\/tr>\n<tr>\n<td width=\"539\">Neprezentarea, prezentarea tardiv\u0103, \u015fi\/sau neautentic\u0103 a informa\u0163iei conform prevederilor art. 197 alin. (3<sup>2<\/sup>) din CF \u015fi art. 229 alin (2<sup>2<\/sup>) din CF<\/td>\n<td width=\"111\">253 alin. (1<sup>1<\/sup>)<\/td>\n<td width=\"252\">3000 lei<\/td>\n<\/tr>\n<tr>\n<td width=\"539\">Neexecutarea deciziei organului fiscal de suspendare a opera\u0163iunilor la conturile bancare ale contribuabilului<\/td>\n<td width=\"111\">253 alin. (4)<\/td>\n<td width=\"252\">30% din suma trecut\u0103 la sc\u0103deri \u00een perioada de nesuspendare a opera\u0163iunilor<\/td>\n<\/tr>\n<tr>\n<td width=\"539\">Neexecutarea sau executarea neconform\u0103 a prevederilor art.197 alin. (3<sup>2<\/sup>) \u015fi (3<sup>3<\/sup>) din CF \u015fi ale art. 229 alin. (2<sup>2<\/sup>) din CF<\/td>\n<td width=\"111\">253 alin. (4<sup>1<\/sup>)<\/td>\n<td width=\"252\">30% din suma \u00eencasat\u0103 sau ce urma a fi \u00eencasat\u0103 de la contribuabil \u00een contul stingerii obliga\u0163iei fiscale<\/td>\n<\/tr>\n<tr>\n<td width=\"539\">Neexecutarea cerin\u0163elor din cita\u0163ia organului fiscal pentru persoane fizice<\/td>\n<td width=\"111\">253 alin. (5)<\/td>\n<td width=\"252\">500 lei<\/td>\n<\/tr>\n<tr>\n<td width=\"539\">Neexecutarea cerin\u0163elor din cita\u0163ia organului fiscal pentru persoane juridice<\/td>\n<td width=\"111\">253 alin. (5)<\/td>\n<td width=\"252\">5000 lei<\/td>\n<\/tr>\n<tr>\n<td width=\"539\">Neexecutarea cerin\u0163elor din cita\u0163ia bancar\u0103<\/td>\n<td width=\"111\">253 alin. (5)<\/td>\n<td width=\"252\">5000 lei<\/td>\n<\/tr>\n<tr>\n<td width=\"539\">Prezentarea tardiv\u0103 a informa\u0163iei prev\u0103zute la art. 226<sup>11 <\/sup>alin. (5) din CF de c\u0103tre persoanele indicate la art. 226<sup>11<\/sup>\u00a0alin. (2) din CF<\/td>\n<td width=\"111\">253 alin. (6)<\/td>\n<td width=\"252\">2% din suma indicat\u0103 \u00een informa\u0163ia prezentat\u0103 tardiv, dar nu mai mult de 25000 de lei<\/td>\n<\/tr>\n<tr>\n<td width=\"539\">Prezentarea informa\u0163iei prev\u0103zute la art. 226<sup>11<\/sup>\u00a0alin. (5) din CF neautentice de c\u0103tre persoanele indicate la art. 226<sup>11<\/sup>alin. (2) din CF<\/td>\n<td width=\"111\">253 alin. (7)<\/td>\n<td width=\"252\">10% din diferen\u0163a dintre suma care urma s\u0103 fie indicat\u0103 \u015fi cea indicat\u0103 \u00een informa\u0163ie, dar nu mai mult de 50000 de lei<\/td>\n<\/tr>\n<tr>\n<td width=\"539\">Neprezentarea informa\u0163iei prev\u0103zute la art. 226<sup>11<\/sup>\u00a0alin. (5) din CF de c\u0103tre persoanele indicate la art. 226<sup>11<\/sup>\u00a0alin. (2) din CF<\/td>\n<td width=\"111\">253 alin. (8)<\/td>\n<td width=\"252\">50% din suma care urma s\u0103 fie indicat\u0103 \u00een informa\u0163ie, dar nu mai mult de 150000 de lei<\/td>\n<\/tr>\n<tr>\n<td width=\"539\">Efectuarea \u00eencas\u0103rilor b\u0103ne\u015fti \u00een\u00a0numerar\u00a0\u00een lipsa ma\u015finii de cas\u0103 \u015fi de control, \u00een cazul \u00een care actele normative \u00een vigoare prev\u0103d folosirea ei<\/td>\n<td width=\"111\">254 alin. (1)<\/td>\n<td width=\"252\">7000 lei<\/td>\n<\/tr>\n<tr>\n<td width=\"539\">Efectuarea \u00eencas\u0103rilor b\u0103ne\u015fti \u00een numerar\u00a0f\u0103r\u0103 utilizarea ma\u015finii de cas\u0103 \u015fi de control\u00a0existente<\/td>\n<td width=\"111\">254 alin. (2)<\/td>\n<td width=\"252\">5000 lei<\/td>\n<\/tr>\n<tr>\n<td width=\"539\">Neasigurarea emiterii la ma\u015fina de cas\u0103 \u015fi de\u00a0control\u00a0a bonului de cas\u0103 de valoarea sumei real \u00eencasate\/primite<\/td>\n<td width=\"111\">254 alin. (3)<\/td>\n<td width=\"252\">5000 lei<\/td>\n<\/tr>\n<tr>\n<td width=\"539\">Neasigurarea bilan\u0163ului numerarului \u00een ma\u015fina de cas\u0103 \u015fi de control\u00a0care const\u0103 \u00een formarea excedentului de numerar\u00a0nejustificat documentar<\/td>\n<td width=\"111\">254 alin. (4)<\/td>\n<td width=\"252\">5000 lei<\/p>\n<p>Nu se aplic\u0103 dac\u0103 suma excedentului nu dep\u0103\u015fe\u015fte 20 de lei<\/td>\n<\/tr>\n<tr>\n<td width=\"539\">Utilizarea ma\u015finii de cas\u0103 \u015fi de control defectate care const\u0103 \u00een neactivarea memoriei fiscale sau imposibilitatea de identificare a softului instalat<\/td>\n<td width=\"111\">254 alin. (5)<\/td>\n<td width=\"252\">7000 lei<\/td>\n<\/tr>\n<tr>\n<td width=\"539\">Utilizarea ma\u015finii de cas\u0103 \u015fi de control care nu este sigilat\u0103 de organul fiscal \u00een modul stabilit<\/td>\n<td width=\"111\">254 alin. (6)<\/td>\n<td width=\"252\">7000 lei<\/td>\n<\/tr>\n<tr>\n<td width=\"539\">Utilizarea ma\u015finii de cas\u0103 \u015fi de control care nu este \u00eenregistrat\u0103 la organul fiscal \u00een modul stabilit<\/td>\n<td width=\"111\">254 alin. (7)<\/td>\n<td width=\"252\">7000 lei<\/td>\n<\/tr>\n<tr>\n<td width=\"539\">Utilizarea terminalului de\u00a0plat\u0103\u00a0\u00een numerar care nu este \u00eenregistrat la organul fiscal \u00een modul stabilit<\/td>\n<td width=\"111\">254 alin. (8)<\/td>\n<td width=\"252\">7000 lei<\/td>\n<\/tr>\n<tr>\n<td width=\"539\">Utilizarea terminalului de\u00a0plat\u0103\u00a0\u00een numerar f\u0103r\u0103 a emite documentul\/ bonul fiscal<\/td>\n<td width=\"111\">254 alin. (9)<\/td>\n<td width=\"252\">5000 lei<\/td>\n<\/tr>\n<tr>\n<td width=\"539\">Efectuarea transporturilor auto de c\u0103l\u0103tori prin servicii ocazionale, inclusiv turistice sau \u00een regim de taxi, f\u0103r\u0103 a dispune de licen\u0163\u0103 pentru acest gen de activitate (copia autorizat\u0103 a licen\u0163ei), foaie de parcurs, list\u0103 de control sau contract de prest\u0103ri servicii pentru traficul intern de c\u0103l\u0103tori \u015fi documente de plat\u0103 care confirm\u0103 achitarea serviciilor de c\u0103tre beneficiar, \u00een cazul \u00een care achitarea a fost efectuat\u0103 la oficiu \u00een numerar sau prin alt instrument de plat\u0103, inclusiv bon de cas\u0103 emis de ma\u015fina de cas\u0103 \u015fi de control a agen\u0163ilor transportatori, a agen\u0163iilor de v\u00eenzare a biletelor, a agen\u0163iilor turistice sau copie a dispozi\u0163iei de plat\u0103, constituie activitate ilicit\u0103<\/td>\n<td width=\"111\">254<sup>1<\/sup>\u00a0alin (1)<\/td>\n<td width=\"252\">3000 lei aplicat\u0103 persoanei fizice &#8211; conduc\u0103tor al mijlocului de transport<\/td>\n<\/tr>\n<tr>\n<td width=\"539\">Efectuarea de c\u0103tre agentul transportator a transporturilor auto de c\u0103l\u0103tori prin servicii regulate \u00een trafic urban, suburban, interurban, raional sau interna\u0163ional f\u0103r\u0103 emiterea \u015fi\/sau raportarea biletelor (bilet \u2013 bon de cas\u0103 emis de ma\u015fina de cas\u0103 \u015fi de control sau document de strict\u0103 eviden\u0163\u0103 cu pre\u0163 fixat, confec\u0163ionat \u00een mod tipografic sau electronic, ce confirm\u0103 dreptul la c\u0103l\u0103torie al persoanei, \u00eencheierea contractului de transport rutier \u00eentre operatorul de transport rutier\/\u00eentreprindere \u015fi persoane, precum \u015fi faptul asigur\u0103rii obligatorii a persoanei) \u015fi\/sau biletelor de bagaje (bilet de bagaje\u00a0\u2013\u00a0bon de cas\u0103 emis de ma\u015fina de cas\u0103 \u015fi de control cu memorie fiscal\u0103 sau document de strict\u0103 eviden\u0163\u0103 cu pre\u0163 fixat, confec\u0163ionat \u00een mod tipografic sau electronic, ce confirm\u0103 plata \u015fi primirea bagajelor pentru transport, precum \u015fi faptul asigur\u0103rii obligatorii a bagajelor)<\/td>\n<td width=\"111\">254<sup>1<\/sup>\u00a0alin (2)<\/td>\n<td width=\"252\">3000 lei aplicat\u0103 agentului transportator<\/td>\n<\/tr>\n<tr>\n<td width=\"539\">Neprezentarea, prezentarea cu \u00eent\u00eerziere sau prezentarea organului fiscal a unor informa\u0163ii neveridice despre sediul sau despre schimbarea sediului contribuabilului, al subdiviziunilor lui<\/td>\n<td width=\"111\">255<\/td>\n<td width=\"252\">4000 lei<\/p>\n<p>S\u00eent pasibile de amend\u0103 doar subdiviziunile care corespund no\u0163iunii indicate la art.5 pct.29) din CF<\/td>\n<\/tr>\n<tr>\n<td width=\"539\">\u00cenc\u0103lcarea de c\u0103tre institu\u0163ia financiar\u0103 (sucursala sau filiala acesteia) a prevederilor art.167 din CF<\/td>\n<td width=\"111\">256 alin. (4)<\/td>\n<td width=\"252\">3000 lei<\/td>\n<\/tr>\n<tr>\n<td width=\"539\">Modificarea sau \u00eenchiderea de c\u0103tre institu\u0163ia financiar\u0103 (sucursala sau filiala acesteia) a contului bancar al contribuabilului (cu excep\u0163ia conturilor de credit, de depozit la termen \u015fi provizorii (de acumulare a mijloacelor financiare pentru formarea sau majorarea capitalului social), precum \u015fi a conturilor persoanelor fizice care nu s\u00eent subiec\u0163i ai activit\u0103\u0163ii de \u00eentreprinz\u0103tor) f\u0103r\u0103 certificatul organului fiscal ori cu \u00eenc\u0103lcarea regulilor stabilite de legisla\u0163ie sau neprezentarea ori prezentarea tardiv\u0103 organului fiscal a informa\u0163iei despre modificarea sau \u00eenchiderea contului bancar al contribuabilului (cu excep\u0163ia conturilor de credit, de depozit la termen \u015fi provizorii (de acumulare a mijloacelor financiare pentru formarea sau majorarea capitalului social), precum \u015fi a conturilor persoanelor fizice care nu s\u00eent subiec\u0163i ai activit\u0103\u0163ii de \u00eentreprinz\u0103tor)<\/td>\n<td width=\"111\">256 alin. (5)<\/td>\n<td width=\"252\">6000 lei<\/td>\n<\/tr>\n<tr>\n<td width=\"539\">Efectuarea de c\u0103tre institu\u0163ia financiar\u0103 (sucursala sau filiala acesteia) a unor opera\u0163iuni pe contul bancar al contribuabilului (cu excep\u0163ia conturilor de credit, de depozit la termen \u015fi provizorii (de acumulare a mijloacelor financiare pentru formarea sau majorarea capitalului social), precum \u015fi a conturilor persoanelor fizice care nu s\u00eent subiec\u0163i ai activit\u0103\u0163ii de \u00eentreprinz\u0103tor) f\u0103r\u0103 ca organul fiscal s\u0103 confirme luarea la eviden\u0163\u0103 a contului bancar deschis<\/td>\n<td width=\"111\">256 alin. (6)<\/td>\n<td width=\"252\">30% din sumele \u00eenscrise \u00een acest cont<\/td>\n<\/tr>\n<tr>\n<td width=\"539\">Ne\u00eenregistrarea sau \u00eenregistrarea tardiv\u0103 \u00een calitate de pl\u0103titor de T.V.A. sau de subiect al impunerii cu accize<\/td>\n<td width=\"111\">256 alin. (7)<\/td>\n<td width=\"252\">10% din volumul de livr\u0103ri impozabile, cu excep\u0163ia exportului<\/td>\n<\/tr>\n<tr>\n<td width=\"539\">Neprezentarea sau prezentarea tardiv\u0103 la organul fiscal de c\u0103tre contribuabil a informa\u0163iei despre contul bancar deschis \u00een str\u0103in\u0103tate<\/td>\n<td width=\"111\">256 alin. (8)<\/td>\n<td width=\"252\">5000 lei pentru fiecare cont bancar<\/td>\n<\/tr>\n<tr>\n<td width=\"539\">Folosirea blanchetelor de documente primare de un alt model dec\u00eet cel stabilit prin act normativ \u00een vigoare, precum \u015fi folosirea tipizatelor de documente primare plastografiate sau str\u0103ine (inclusiv facturile fiscale)<\/td>\n<td width=\"111\">257 alin. (2)<\/td>\n<td width=\"252\">Valoarea \u00eenscris\u0103 \u00een astfel de documente<\/td>\n<\/tr>\n<tr>\n<td width=\"539\">Neasigurarea p\u0103str\u0103rii d\u0103rilor de seam\u0103 fiscale \u015fi\/sau a documentelor de eviden\u0163\u0103 \u015fi\/sau a benzilor de control (benzilor de control pe suport electronic specializat) \u015fi\/sau lipsa total\u0103 ori par\u0163ial\u0103 a eviden\u0163ei contabile, ceea ce face imposibil\u0103 efectuarea controlului fiscal<\/td>\n<td width=\"111\">257 alin. (5)<\/td>\n<td width=\"252\">50000 lei<\/td>\n<\/tr>\n<tr>\n<td width=\"539\">Efectuarea de c\u0103tre agentul economic, la care este instituit post fiscal \u015fi care a fost \u00een\u015ftiin\u0163at despre aceasta conform prevederilor legisla\u0163iei \u00een vigoare, a intr\u0103rilor\/ie\u015firilor de m\u0103rfuri\/servicii f\u0103r\u0103 informarea despre aceasta a inspectorului sau a inspectoratului fiscal de stat responsabil de activitatea postului fiscal<\/td>\n<td width=\"111\">257 alin. (8)<\/td>\n<td width=\"252\">amend\u0103 egal\u0103 cu suma opera\u0163iunilor economice respective<\/td>\n<\/tr>\n<tr>\n<td width=\"539\">Neeliberarea facturii fiscale la comercializarea m\u0103rfurilor gajate \u00een numele entit\u0103\u021bii<\/td>\n<td width=\"111\">257<sup>1<\/sup><\/td>\n<td width=\"252\">50% din valoarea tranzac\u0163iei<\/td>\n<\/tr>\n<tr>\n<td width=\"539\">\u00cenc\u0103lcarea termenelor stabilite de legisla\u0163ie pentru \u00eenregistrarea mijloacelor b\u0103ne\u015fti \u00een conturile bancare ale agen\u0163ilor economici<\/td>\n<td width=\"111\">259 alin. (1)<\/td>\n<td width=\"252\">10% din suma ne\u00eenregistrat\u0103 \u00een termen<\/td>\n<\/tr>\n<tr>\n<td width=\"539\">\u00cenregistrarea mijloacelor b\u0103ne\u015fti, ob\u0163inute din comercializarea de m\u0103rfuri, executarea de lucr\u0103ri \u015fi prestarea de servicii, \u00een conturile de depozit sau \u00een alte conturi bancare elud\u00eendu-se conturile curente \u00een moned\u0103 na\u0163ional\u0103 sau \u00een valut\u0103 str\u0103in\u0103<\/td>\n<td width=\"111\">259 alin. (2)<\/td>\n<td width=\"252\">5% din suma \u00eenregistrat\u0103<\/td>\n<\/tr>\n<tr>\n<td width=\"539\">Neexecutarea sau executarea tardiv\u0103 a ordinului de plat\u0103 \u015fi\/sau a ordinului incaso privind stingerea obliga\u0163iei fiscale \u00een cazul \u00een care contribuabilul sau debitorul lui dispune de mijloace b\u0103ne\u015fti la contul bancar<\/td>\n<td width=\"111\">259 alin. (3)<\/td>\n<td width=\"252\">2% din suma care trebuie pl\u0103tit\u0103, pentru fiecare zi de \u00eent\u00eerziere<\/td>\n<\/tr>\n<tr>\n<td width=\"539\">\u00cenc\u0103lcarea termenelor de \u00eenregistrare \u00een conturile Trezoreriei de Stat de c\u0103tre institu\u0163iile financiare (sucursalele sau filialele acestora) \u015fi al\u0163i prestatori de servicii de plat\u0103 a sumelor \u00eencasate de la contribuabil se sanc\u0163ioneaz\u0103 cu amend\u0103<\/td>\n<td width=\"111\">259 alin. (4)<\/td>\n<td width=\"252\">5% din suma ne\u00eenregistrat\u0103 \u00een termen, pentru fiecare zi de \u00eent\u00eerziere<\/td>\n<\/tr>\n<tr>\n<td width=\"539\">Neprezentarea sau prezentarea tardiv\u0103 de c\u0103tre institu\u0163ia financiar\u0103 (sucursala sau filiala acesteia) la organul fiscal a informa\u0163iei despre \u00eenscrierea \u00een contul bancar al contribuabilului a mijloacelor b\u0103ne\u015fti, \u00een cazul suspend\u0103rii opera\u0163iunilor la acest cont<\/td>\n<td width=\"111\">259 alin. (5)<\/td>\n<td width=\"252\">1% din suma \u00eenscris\u0103 \u00een cont pentru fiecare zi de neprezentare sau de \u00eent\u00eerziere<\/td>\n<\/tr>\n<tr>\n<td width=\"539\">Neexecutarea sau executarea eronat\u0103 de c\u0103tre institu\u0163ia financiar\u0103 (sucursala sau filiala acesteia) \u015fi al\u0163i prestatori de servicii de plat\u0103 a ordinelor de plat\u0103 privind achitarea obliga\u0163iilor fiscale fa\u0163\u0103 de bugetul public na\u0163ional \u00een conformitate cu rechizitele indicate de contribuabil<\/td>\n<td width=\"111\">259 alin. (6)<\/td>\n<td width=\"252\">200 de lei pentru fiecare caz de ordin de plat\u0103 neexecutat sau executat eronat<\/td>\n<\/tr>\n<tr>\n<td width=\"539\">Neprezentarea d\u0103rii de seam\u0103 fiscale<\/td>\n<td width=\"111\">260 alin. (1)<\/td>\n<td width=\"252\">1000 lei pentru fiecare dare de seam\u0103 neprezentat\u0103, dar nu mai mult de 10000 lei pentru toate d\u0103rile de seam\u0103 fiscale neprezentate<\/td>\n<\/tr>\n<tr>\n<td width=\"539\">Prezentarea tardiv\u0103 a d\u0103rii de seam\u0103 fiscale<\/td>\n<td width=\"111\">260 alin. (2)<\/td>\n<td width=\"252\">200 lei pentru fiecare dare de seam\u0103 prezentat\u0103 tardiv, dar nu mai mult de 2000 lei pentru toate d\u0103rile de seam\u0103 fiscale prezentate tardiv<\/td>\n<\/tr>\n<tr>\n<td width=\"539\">Prezentarea d\u0103rii de seam\u0103 fiscale care con\u0163ine informa\u0163ie neautentic\u0103<\/td>\n<td width=\"111\">260 alin. (3)<\/td>\n<td width=\"252\">1000 lei pentru fiecare dare de seam\u0103 fiscal\u0103, dar nu mai mult de 7000 lei pentru toate d\u0103rile de seam\u0103 fiscale prezentate care con\u0163in informa\u0163ii neautentice<\/td>\n<\/tr>\n<tr>\n<td width=\"539\">Neprezentarea facturii fiscale \u00een termenele prev\u0103zute la art.117 \u015fi 117<sup>1<\/sup> din CF<\/td>\n<td width=\"111\">260 alin. (4)<\/td>\n<td width=\"252\">3600 lei pentru fiecare factur\u0103 fiscal\u0103 neprezentat\u0103 \u00een termen, dar nu mai mult de 72000 lei pentru toate facturile fiscale neprezentate \u00een termenele stabilite<\/td>\n<\/tr>\n<tr>\n<td width=\"539\">Ne\u00eenregistrarea facturii fiscale \u00een Registrul general electronic al facturilor fiscale<\/td>\n<td width=\"111\">260 alin. (4<sup>1<\/sup>)<\/td>\n<td width=\"252\">3600 lei pentru fiecare factur\u0103 fiscal\u0103 ne\u00eenregistrat\u0103, dar nu mai mult de 72000 lei pentru toate facturile fiscale ne\u00eenregistrate \u00een termenele stabilite<\/td>\n<\/tr>\n<tr>\n<td width=\"539\">\u00cen cazul mic\u015for\u0103rii (diminu\u0103rii) venitului impozabil declarat de c\u0103tre contribuabilul care a aplicat cota zero la impozitul pe venit \u00een perioada 01.01.2008 &#8211; 31.12.2011<\/td>\n<td width=\"111\">260 alin. (5)<\/td>\n<td width=\"252\">15% din suma nedeclarat\u0103 (diminuat\u0103) a venitului impozabil<\/td>\n<\/tr>\n<tr>\n<td width=\"539\">Neprezentarea sau prezentarea tardiv\u0103, neconform\u0103, neautentic\u0103 beneficiarului pl\u0103\u0163ilor a informa\u0163iei specificate la art.92 alin.(4) \u015fi (4<sup>1<\/sup>) din CF de c\u0103tre persoanele care s\u00eent obligate s\u0103 re\u0163in\u0103 impozitul la sursa de plat\u0103<\/td>\n<td width=\"111\">260<sup>1<\/sup><\/td>\n<td width=\"252\">200 lei pentru fiecare informa\u0163ie, dar nu mai mult de 5000 de lei<\/td>\n<\/tr>\n<tr>\n<td width=\"539\">Diminuarea impozitelor, taxelor prin prezentarea c\u0103tre organul fiscal a unei d\u0103ri de seam\u0103 fiscale cu informa\u0163ii sau date neveridice<\/td>\n<td width=\"111\">261 alin. (4)<\/td>\n<td width=\"252\">30% din suma diminu\u0103rii<\/td>\n<\/tr>\n<tr>\n<td width=\"539\">Eschivarea de la calculul \u015fi de la plata impozitelor, taxelor<\/td>\n<td width=\"111\">261 alin. (5)<\/td>\n<td width=\"252\">amend\u0103 \u00een m\u0103rimea impozitului, taxei nedeclarate<\/td>\n<\/tr>\n<tr>\n<td width=\"539\">Neplata sau plata incomplet\u0103 a impozitului pe venit \u00een rate. Suma nepl\u0103tit\u0103 a impozitului pe venit se determin\u0103 ca diferen\u0163\u0103 dintre impozitul calculat \u015fi pl\u0103tit de contribuabil \u015fi impozitul pe care acesta era obligat s\u0103-l pl\u0103teasc\u0103. Impozitul pe venit care urmeaz\u0103 a fi pl\u0103tit reprezint\u0103 cea mai mic\u0103 m\u0103rime din impozitul calculat care urma s\u0103 fie pl\u0103tit \u00een anul precedent sau 80% din suma definitiv\u0103 a impozitului din anul curent, sc\u0103z\u00eendu-se trecerile \u00een cont (cu excep\u0163ia impozitului pl\u0103tit \u00een rate)<\/td>\n<td width=\"111\">261 alin. (6)<\/td>\n<td width=\"252\">amend\u0103 \u00een cuantum calculat, \u00een modul stabilit la art.228 alin.(3).\u00a0Sanc\u0163iunea nu se aplic\u0103 \u00een cazul \u00een care impozitul pe venit ce urmeaz\u0103 a fi pl\u0103tit este mai mic de 1000 de lei<\/td>\n<\/tr>\n<tr>\n<td width=\"539\">Lipsa &#8220;Timbrelor de acciz&#8221; la m\u0103rfurile supuse accizelor pasibile de marcare obligatorie sau utilizarea unor &#8220;Timbre de acciz&#8221; falsificate ori nevalabile<\/td>\n<td width=\"111\">262<\/td>\n<td width=\"252\">30000 lei<\/td>\n<\/tr>\n<tr>\n<td width=\"539\">Comercializarea \u0163igaretelor cu filtru ce nu se reg\u0103sesc \u00een listele ce cuprind pre\u0163urile maxime de v\u00eenzare cu am\u0103nuntul declarate de c\u0103tre agen\u0163ii economici produc\u0103tori \u015fi importatori<\/td>\n<td width=\"111\">262<sup>1<\/sup>\u00a0alin. (1)<\/td>\n<td width=\"252\">50% din valoarea \u0163igaretelor cu filtru aflate \u00een stoc la momentul controlului, pornind de la pre\u0163ul de comercializare, dar nu mai pu\u0163in de 1000 de lei<\/td>\n<\/tr>\n<tr>\n<td width=\"539\">Comercializarea \u0163igaretelor cu filtru la pre\u0163uri mai mari dec\u00eet pre\u0163urile maxime de v\u00eenzare cu am\u0103nuntul declarate sau, \u00eencep\u00eend cu 1 ianuarie 2009, f\u0103r\u0103 indicarea pre\u0163ului maxim de v\u00eenzare cu am\u0103nuntul declarat \u015fi a datei fabric\u0103rii imprimate pe ambalaj (pe pachetul de \u0163igarete cu filtru)<\/td>\n<td width=\"111\">262<sup>1<\/sup>\u00a0alin. (2)<\/td>\n<td width=\"252\">50% din valoarea \u0163igaretelor cu filtru, aflate \u00een stoc la momentul controlului, pornind de la pre\u0163ul de v\u00eenzare cu am\u0103nuntul, dar nu mai pu\u0163in de 1000 de lei, cu confiscarea \u0163igaretelor care nu au imprimate pe ambalaj (pe pachetul de \u0163igarete cu filtru) pre\u0163ul \u015fi data fabric\u0103rii<\/td>\n<\/tr>\n<tr>\n<td width=\"539\">\u00cempiedicarea func\u0163ionarului fiscal de a efectua executarea silit\u0103 a obliga\u0163iei fiscale prin alte metode dec\u00e2t cele prev\u0103zute la art. 263 alin.(2)-(4) din CF<\/td>\n<td width=\"111\">263 alin. (1)<\/td>\n<td width=\"252\">5000 lei persoanelor fizice \u0219i 10000 lei persoanelor juridice<\/td>\n<\/tr>\n<tr>\n<td width=\"539\">Neacceptarea spre p\u0103strare de c\u0103tre contribuabil (reprezentantul acestuia) sau persoana lui cu func\u0163ie de r\u0103spundere a bunurilor sechestrate<\/td>\n<td width=\"111\">263 alin. (2)<\/td>\n<td width=\"252\">5000 lei persoanelor fizice \u0219i 10000 lei persoanelor juridice<\/td>\n<\/tr>\n<tr>\n<td width=\"539\">Delapidarea, \u00eenstr\u0103inarea, substituirea sau t\u0103inuirea bunurilor sechestrate de c\u0103tre persoana c\u0103reia i-au fost \u00eencredin\u0163ate spre p\u0103strare sau de c\u0103tre persoana obligat\u0103 s\u0103 le asigure integritatea<\/td>\n<td width=\"111\">263 alin. (3)<\/td>\n<td width=\"252\">valoarea bunurilor delapidate<\/td>\n<\/tr>\n<tr>\n<td width=\"539\">Efectuarea de opera\u0163iuni cu valori mobiliare sechestrate, dup\u0103 sistarea opera\u0163iunilor<\/td>\n<td width=\"111\">263 alin. (4)<\/td>\n<td width=\"252\">20% din suma opera\u0163iunii<\/td>\n<\/tr>\n<tr>\n<td width=\"539\">Ruperea sau deteriorarea, \u00een mod inten\u0163ionat sau din neglijen\u0163\u0103, a unui\u00a0sigiliu\u00a0legal aplicat<\/td>\n<td width=\"111\">263<sup>1<\/sup><\/td>\n<td width=\"252\">40000 lei<\/td>\n<\/tr>\n<\/tbody>\n<\/table>\n<p><\/p>","protected":false},"excerpt":{"rendered":"<p>\u041d\u0430\u043b\u043e\u0433\u043e\u0432\u0430\u044f \u043f\u0440\u0430\u0432\u043e\u043d\u0430\u0440\u0443\u0448\u0435\u043d\u0438\u044f \u0421\u0442\u0430\u0442\u044c\u044f \u041d\u0430\u043b\u043e\u0433\u043e\u0432\u043e\u0433\u043e \u043a\u043e\u0434\u0435\u043a\u0441\u0430 \u0420\u0430\u0437\u043c\u0435\u0440 \u0448\u0442\u0440\u0430\u0444\u0430 \u00cempiedicarea controlului fiscal prin neasigurarea accesului \u00een \u00eenc\u0103perile de produc\u0163ie, \u00een depozite, \u00een locurile de p\u0103strare a bunurilor, \u00een spa\u0163iile comerciale \u015fi \u00een spa\u0163iile cu o alt\u0103 destina\u0163ie, prin neprezentarea de explica\u0163ii, date, informa\u0163ii \u015fi documente, necesare organului fiscal, asupra problemelor care apar \u00een timpul controlului, prin alte [&hellip;]<\/p>\n","protected":false},"author":2,"featured_media":0,"parent":0,"menu_order":0,"comment_status":"closed","ping_status":"closed","template":"","meta":{"footnotes":""},"_links":{"self":[{"href":"https:\/\/taxexpert.md\/ru\/wp-json\/wp\/v2\/pages\/212"}],"collection":[{"href":"https:\/\/taxexpert.md\/ru\/wp-json\/wp\/v2\/pages"}],"about":[{"href":"https:\/\/taxexpert.md\/ru\/wp-json\/wp\/v2\/types\/page"}],"author":[{"embeddable":true,"href":"https:\/\/taxexpert.md\/ru\/wp-json\/wp\/v2\/users\/2"}],"replies":[{"embeddable":true,"href":"https:\/\/taxexpert.md\/ru\/wp-json\/wp\/v2\/comments?post=212"}],"version-history":[{"count":3,"href":"https:\/\/taxexpert.md\/ru\/wp-json\/wp\/v2\/pages\/212\/revisions"}],"predecessor-version":[{"id":1306,"href":"https:\/\/taxexpert.md\/ru\/wp-json\/wp\/v2\/pages\/212\/revisions\/1306"}],"wp:attachment":[{"href":"https:\/\/taxexpert.md\/ru\/wp-json\/wp\/v2\/media?parent=212"}],"curies":[{"name":"wp","href":"https:\/\/api.w.org\/{rel}","templated":true}]}}